{"id":2439,"date":"2022-11-09T17:00:43","date_gmt":"2022-11-09T17:00:43","guid":{"rendered":"https:\/\/curandero.love\/?page_id=2439"},"modified":"2023-03-12T13:54:34","modified_gmt":"2023-03-12T13:54:34","slug":"kambo","status":"publish","type":"page","link":"https:\/\/curandero.love\/sr\/treatments\/kambo\/","title":{"rendered":"Kambo"},"content":{"rendered":"<div data-elementor-type=\"wp-page\" data-elementor-id=\"2439\" class=\"elementor elementor-2439\">\n\t\t\t\t\t\t<section class=\"elementor-section elementor-top-section elementor-element elementor-element-93p3t9j elementor-section-boxed elementor-section-height-default elementor-section-height-default\" data-id=\"93p3t9j\" data-element_type=\"section\" data-e-type=\"section\" data-settings=\"{&quot;background_background&quot;:&quot;classic&quot;}\">\n\t\t\t\t\t\t\t<div class=\"elementor-background-overlay\"><\/div>\n\t\t\t\t\t\t\t<div class=\"elementor-container elementor-column-gap-default\">\n\t\t\t\t\t<div class=\"elementor-column elementor-col-100 elementor-top-column elementor-element elementor-element-fd69444\" data-id=\"fd69444\" data-element_type=\"column\" data-e-type=\"column\">\n\t\t\t<div class=\"elementor-widget-wrap elementor-element-populated\">\n\t\t\t\t\t\t<div class=\"elementor-element elementor-element-abcc2f2 elementor-widget elementor-widget-heading\" data-id=\"abcc2f2\" data-element_type=\"widget\" data-e-type=\"widget\" data-widget_type=\"heading.default\">\n\t\t\t\t<div class=\"elementor-widget-container\">\n\t\t\t\t\t<h1 class=\"elementor-heading-title elementor-size-default\">\u0160ta je Kambo <\/h1>\t\t\t\t<\/div>\n\t\t\t\t<\/div>\n\t\t\t\t\t<\/div>\n\t\t<\/div>\n\t\t\t\t\t<\/div>\n\t\t<\/section>\n\t\t\t\t<section class=\"elementor-section elementor-top-section elementor-element elementor-element-wwq0u92 elementor-section-boxed elementor-section-height-default elementor-section-height-default\" data-id=\"wwq0u92\" data-element_type=\"section\" data-e-type=\"section\">\n\t\t\t\t\t\t<div class=\"elementor-container elementor-column-gap-default\">\n\t\t\t\t\t<div class=\"elementor-column elementor-col-50 elementor-top-column elementor-element elementor-element-2ebbf9c\" data-id=\"2ebbf9c\" data-element_type=\"column\" data-e-type=\"column\">\n\t\t\t<div class=\"elementor-widget-wrap elementor-element-populated\">\n\t\t\t\t\t\t<div class=\"elementor-element elementor-element-fe195c7 elementor-widget elementor-widget-heading\" data-id=\"fe195c7\" data-element_type=\"widget\" data-e-type=\"widget\" data-widget_type=\"heading.default\">\n\t\t\t\t<div class=\"elementor-widget-container\">\n\t\t\t\t\t<h2 class=\"elementor-heading-title elementor-size-default\">Kambo <\/h2>\t\t\t\t<\/div>\n\t\t\t\t<\/div>\n\t\t\t\t<div class=\"elementor-element elementor-element-dc051dd elementor-widget-divider--view-line elementor-widget elementor-widget-divider\" data-id=\"dc051dd\" data-element_type=\"widget\" data-e-type=\"widget\" data-widget_type=\"divider.default\">\n\t\t\t\t<div class=\"elementor-widget-container\">\n\t\t\t\t\t\t\t<div class=\"elementor-divider\">\n\t\t\t<span class=\"elementor-divider-separator\">\n\t\t\t\t\t\t<\/span>\n\t\t<\/div>\n\t\t\t\t\t\t<\/div>\n\t\t\t\t<\/div>\n\t\t\t\t<div class=\"elementor-element elementor-element-e5f497e elementor-widget elementor-widget-text-editor\" data-id=\"e5f497e\" data-element_type=\"widget\" data-e-type=\"widget\" data-widget_type=\"text-editor.default\">\n\t\t\t\t<div class=\"elementor-widget-container\">\n\t\t\t\t\t\t\t\t\t<ul><li><a href=\"https:\/\/curandero.love\/sr\/kambo\/\">Kambo<\/a> deluje kao sna\u017ena podr\u0161ka imunom sistemu. Ne uti\u010de samo na fizi\u010dko telo, ve\u0107 i ja\u010da i harmonizuje \u010dakre, obnavlja na\u0161e elektromagnetno polje i zatvara njegove pukotine kako se energija ne bi nepotrebno rasipala.<\/li><\/ul>\t\t\t\t\t\t\t\t<\/div>\n\t\t\t\t<\/div>\n\t\t\t\t<div class=\"elementor-element elementor-element-5dcd18a elementor-widget elementor-widget-text-editor\" data-id=\"5dcd18a\" data-element_type=\"widget\" data-e-type=\"widget\" data-widget_type=\"text-editor.default\">\n\t\t\t\t<div class=\"elementor-widget-container\">\n\t\t\t\t\t\t\t\t\t<ul><li>\u017daba je aktivna tokom no\u0107i i boravi u drve\u0107u. Zbog toga \u0161to nema prirodnih predatora, mo\u017ee se na\u0107i u velikom broju u gornjim amazonskim ki\u0161nim \u0161umama Bolivije, Brazila, Kolumbije, Perua, Francuske Gvajane, Surinama i Venecuele.<\/li><\/ul>\t\t\t\t\t\t\t\t<\/div>\n\t\t\t\t<\/div>\n\t\t\t\t<div class=\"elementor-element elementor-element-d8f9f49 elementor-widget elementor-widget-text-editor\" data-id=\"d8f9f49\" data-element_type=\"widget\" data-e-type=\"widget\" data-widget_type=\"text-editor.default\">\n\t\t\t\t<div class=\"elementor-widget-container\">\n\t\t\t\t\t\t\t\t\t<ul><li><a href=\"https:\/\/curandero.love\/sr\/kambo\/\">Kambo<\/a> to je izuzetno otrovna sekrecija jedne od najve\u0107ih \u017eaba iz porodice Hylidae, poznate i kao D\u017einovska zelena majmunska drvna \u017eaba. Njen nau\u010dni naziv je Phyllomedusa bicolor.<\/li><\/ul>\t\t\t\t\t\t\t\t<\/div>\n\t\t\t\t<\/div>\n\t\t\t\t\t<\/div>\n\t\t<\/div>\n\t\t\t\t<div class=\"elementor-column elementor-col-50 elementor-top-column elementor-element elementor-element-e5fdae0\" data-id=\"e5fdae0\" data-element_type=\"column\" data-e-type=\"column\">\n\t\t\t<div class=\"elementor-widget-wrap elementor-element-populated\">\n\t\t\t\t\t\t<div class=\"elementor-element elementor-element-96b5b53 elementor-widget elementor-widget-image\" data-id=\"96b5b53\" data-element_type=\"widget\" data-e-type=\"widget\" data-widget_type=\"image.default\">\n\t\t\t\t<div class=\"elementor-widget-container\">\n\t\t\t\t\t\t\t\t\t\t\t\t\t\t\t<img fetchpriority=\"high\" decoding=\"async\" width=\"1707\" height=\"2560\" src=\"https:\/\/curandero.love\/wp-content\/uploads\/2022\/11\/Kambo-5--scaled.jpg\" class=\"attachment-full size-full wp-image-2666\" alt=\"\" srcset=\"https:\/\/curandero.love\/wp-content\/uploads\/2022\/11\/Kambo-5--scaled.jpg 1707w, https:\/\/curandero.love\/wp-content\/uploads\/2022\/11\/Kambo-5--200x300.jpg 200w, https:\/\/curandero.love\/wp-content\/uploads\/2022\/11\/Kambo-5--683x1024.jpg 683w, https:\/\/curandero.love\/wp-content\/uploads\/2022\/11\/Kambo-5--768x1152.jpg 768w, https:\/\/curandero.love\/wp-content\/uploads\/2022\/11\/Kambo-5--1024x1536.jpg 1024w, https:\/\/curandero.love\/wp-content\/uploads\/2022\/11\/Kambo-5--1365x2048.jpg 1365w, https:\/\/curandero.love\/wp-content\/uploads\/2022\/11\/Kambo-5--600x900.jpg 600w\" sizes=\"(max-width: 1707px) 100vw, 1707px\" \/>\t\t\t\t\t\t\t\t\t\t\t\t\t\t\t<\/div>\n\t\t\t\t<\/div>\n\t\t\t\t\t<\/div>\n\t\t<\/div>\n\t\t\t\t\t<\/div>\n\t\t<\/section>\n\t\t\t\t<section class=\"elementor-section elementor-top-section elementor-element elementor-element-lutu57k elementor-section-boxed elementor-section-height-default elementor-section-height-default\" data-id=\"lutu57k\" data-element_type=\"section\" data-e-type=\"section\">\n\t\t\t\t\t\t<div class=\"elementor-container elementor-column-gap-default\">\n\t\t\t\t\t<div class=\"elementor-column elementor-col-50 elementor-top-column elementor-element elementor-element-2126f92\" data-id=\"2126f92\" data-element_type=\"column\" data-e-type=\"column\">\n\t\t\t<div class=\"elementor-widget-wrap elementor-element-populated\">\n\t\t\t\t\t\t<div class=\"elementor-element elementor-element-8546f7b elementor-widget elementor-widget-heading\" data-id=\"8546f7b\" data-element_type=\"widget\" data-e-type=\"widget\" data-widget_type=\"heading.default\">\n\t\t\t\t<div class=\"elementor-widget-container\">\n\t\t\t\t\t<h4 class=\"elementor-heading-title elementor-size-default\">Poreklo Kamba<\/h4>\t\t\t\t<\/div>\n\t\t\t\t<\/div>\n\t\t\t\t<div class=\"elementor-element elementor-element-7818b1a elementor-widget-divider--view-line elementor-widget elementor-widget-divider\" data-id=\"7818b1a\" data-element_type=\"widget\" data-e-type=\"widget\" data-widget_type=\"divider.default\">\n\t\t\t\t<div class=\"elementor-widget-container\">\n\t\t\t\t\t\t\t<div class=\"elementor-divider\">\n\t\t\t<span class=\"elementor-divider-separator\">\n\t\t\t\t\t\t<\/span>\n\t\t<\/div>\n\t\t\t\t\t\t<\/div>\n\t\t\t\t<\/div>\n\t\t\t\t<div class=\"elementor-element elementor-element-9e54541 elementor-widget elementor-widget-text-editor\" data-id=\"9e54541\" data-element_type=\"widget\" data-e-type=\"widget\" data-widget_type=\"text-editor.default\">\n\t\t\t\t<div class=\"elementor-widget-container\">\n\t\t\t\t\t\t\t\t\t<ul><li>Svako pleme ima svoju legendu ili pri\u010du o tome kako su po\u010deli da koriste Kambo. Najpoznatija legenda dolazi iz Brazila, iz zajednice Kaxinaw\u00e1:<\/li><li>Celo selo je obolelo, a njihov lekar (Paj\u00e9 \u2013 brazilski naziv za lekara koji radi sa biljkama) poku\u0161avao je da ih izle\u010di svim biljkama koje su do tada poznavali, ali nije uspeo. Odlu\u010dio je da ode u \u0161umu pod uticajem svete medicine Ajahuasce kako bi prona\u0161ao lek za svoje pleme. U vizijama je video veliko Bo\u017eanstvo koje mu je dalo Kambo \u2013 \u017eabu \u2013 i objasnilo kako da je koristi. Kada se vratio iz vizija, primetio je veliku \u017eabu ispred sebe, pru\u017eio ruku na koju se popelela, i zajedno su se vratili u selo.<\/li><li>Veruje se da se Kambo koristi ve\u0107 stotinama godina, kao lek naroda Kaxinaw\u00e1, ali i mnogih drugih, poput Amahuaca, Katukina, Kulina, Yawanaw\u00e1, Matses, Marubo i Mayoruna. I danas se \u0161iroko koristi u mnogim zajednicama u Amazoniji i Ju\u017enoj Americi, a rituali se razlikuju od plemena do plemena.<\/li><\/ul>\t\t\t\t\t\t\t\t<\/div>\n\t\t\t\t<\/div>\n\t\t\t\t<div class=\"elementor-element elementor-element-9f76514 elementor-widget elementor-widget-image\" data-id=\"9f76514\" data-element_type=\"widget\" data-e-type=\"widget\" data-widget_type=\"image.default\">\n\t\t\t\t<div class=\"elementor-widget-container\">\n\t\t\t\t\t\t\t\t\t\t\t\t\t\t\t<img decoding=\"async\" width=\"1024\" height=\"683\" src=\"https:\/\/curandero.love\/wp-content\/uploads\/2022\/11\/kambo-4--1024x683.jpg\" class=\"attachment-large size-large wp-image-2662\" alt=\"\" srcset=\"https:\/\/curandero.love\/wp-content\/uploads\/2022\/11\/kambo-4--1024x683.jpg 1024w, https:\/\/curandero.love\/wp-content\/uploads\/2022\/11\/kambo-4--300x200.jpg 300w, https:\/\/curandero.love\/wp-content\/uploads\/2022\/11\/kambo-4--768x512.jpg 768w, https:\/\/curandero.love\/wp-content\/uploads\/2022\/11\/kambo-4--1536x1024.jpg 1536w, https:\/\/curandero.love\/wp-content\/uploads\/2022\/11\/kambo-4--2048x1365.jpg 2048w, https:\/\/curandero.love\/wp-content\/uploads\/2022\/11\/kambo-4--600x400.jpg 600w\" sizes=\"(max-width: 1024px) 100vw, 1024px\" \/>\t\t\t\t\t\t\t\t\t\t\t\t\t\t\t<\/div>\n\t\t\t\t<\/div>\n\t\t\t\t\t<\/div>\n\t\t<\/div>\n\t\t\t\t<div class=\"elementor-column elementor-col-50 elementor-top-column elementor-element elementor-element-e03a328\" data-id=\"e03a328\" data-element_type=\"column\" data-e-type=\"column\">\n\t\t\t<div class=\"elementor-widget-wrap elementor-element-populated\">\n\t\t\t\t\t\t<div class=\"elementor-element elementor-element-903c186 elementor-widget elementor-widget-heading\" data-id=\"903c186\" data-element_type=\"widget\" data-e-type=\"widget\" data-widget_type=\"heading.default\">\n\t\t\t\t<div class=\"elementor-widget-container\">\n\t\t\t\t\t<h4 class=\"elementor-heading-title elementor-size-default\">Koji su efekti <\/h4>\t\t\t\t<\/div>\n\t\t\t\t<\/div>\n\t\t\t\t<div class=\"elementor-element elementor-element-23d597c elementor-widget-divider--view-line elementor-widget elementor-widget-divider\" data-id=\"23d597c\" data-element_type=\"widget\" data-e-type=\"widget\" data-widget_type=\"divider.default\">\n\t\t\t\t<div class=\"elementor-widget-container\">\n\t\t\t\t\t\t\t<div class=\"elementor-divider\">\n\t\t\t<span class=\"elementor-divider-separator\">\n\t\t\t\t\t\t<\/span>\n\t\t<\/div>\n\t\t\t\t\t\t<\/div>\n\t\t\t\t<\/div>\n\t\t\t\t<div class=\"elementor-element elementor-element-6d1a71e elementor-widget elementor-widget-text-editor\" data-id=\"6d1a71e\" data-element_type=\"widget\" data-e-type=\"widget\" data-widget_type=\"text-editor.default\">\n\t\t\t\t<div class=\"elementor-widget-container\">\n\t\t\t\t\t\t\t\t\t<ul><li>Kambo je lek vatre. Kada se kombinuje sa vodom koju pijemo pre tretmana, dolazi do alhemijskog procesa i stari toksini se iz tela osloba\u0111aju kroz pro\u010di\u0161\u0107enje. Ovaj proces \u010di\u0161\u0107enja deluje ne samo na fizi\u010dkom, ve\u0107 i na duhovnom nivou. Kambo nas povezuje sa mudro\u0161\u0107u prirode, suo\u010dava nas sa negativnim navikama i pokazuje \u0161ta treba da izbegavamo kako bismo pobolj\u0161ali svoje stanje.<\/li><li>Lek se primenjuje tako \u0161to se na ko\u017ei prave male \u201ckapije\u201d \u2013 opekotine, vrhom  u\u017earenog \u0161tapi\u0107a pa se na  to mesto nanosi sekret tj znoj \u017eabe . Efekat se gotovo trenutno \u0161iri kroz limfni sistem. Telo se zagreva, puls se ubrzava, sve dok osoba ne po\u010dne da povra\u0107a vodu koju je popila pre tretmana. Sve ovo traje oko 20\u201330 minuta.<\/li><li>Nedavna nau\u010dna istra\u017eivanja ukazuju na njegovu sposobnost da le\u010di infekcije, reguli\u0161e krvni pritisak i ima sna\u017ean efekat u ubla\u017eavanju bola. Tako\u0111e postoji i dokaz o njegovoj efikasnosti u le\u010denju Alchajmerove i Parkinsonove bolesti, depresije, migrena, cirkulatornih problema, raka, neplodnosti, AIDS-a i hepatitisa\u2026 Nije slu\u010dajno \u0161to nekoliko farmaceutskih kompanija istra\u017euje lekovita svojstva Kamba poslednjih 25 godina; do sada imaju 27 patenata zasnovanih na peptidima koji postoje u Kambu.<\/li><\/ul><ul><li>Pleme Katukina koristilo je Kambo za prevenciju i le\u010denje bolesti, kao i za fizi\u010dko o\u017eivljavanje. Molekuli izolovani iz Phyllomedusa imaju sna\u017eno antibakterijsko dejstvo i mogu uni\u0161titi bakterije otporne na lekove. Kambo je pogodan za bilo kakve poreme\u0107aje ili neravnote\u017ee. Pro\u010di\u0161\u0107ava krv i le\u010di sve telesne procese. Tako\u0111e se mo\u017ee koristiti kod ljudi koji tra\u017ee sopstvenu snagu i \u017eele da oja\u010daju imuni sistem. Kambo je lek za du\u0161u jer pobolj\u0161ava na\u0161e op\u0161te percepiranje \u017eivota. Pove\u0107ava intuiciju, stimuli\u0161e snove, otvara tre\u0107e oko i uklanja neprijatne, zastra\u0161uju\u0107e blokade koje ometaju protok vitalne energije u telu, \u0161to je va\u017eno za bolji kvalitet \u017eivota. Kambo ima protivupalna svojstva i ne zahteva posebnu negu nakon primene. Isceljivanje je brzo.<\/li><\/ul>\t\t\t\t\t\t\t\t<\/div>\n\t\t\t\t<\/div>\n\t\t\t\t\t<\/div>\n\t\t<\/div>\n\t\t\t\t\t<\/div>\n\t\t<\/section>\n\t\t\t\t<section class=\"elementor-section elementor-top-section elementor-element elementor-element-ecb40cc elementor-section-boxed elementor-section-height-default elementor-section-height-default\" data-id=\"ecb40cc\" data-element_type=\"section\" data-e-type=\"section\">\n\t\t\t\t\t\t<div class=\"elementor-container elementor-column-gap-default\">\n\t\t\t\t\t<div class=\"elementor-column elementor-col-100 elementor-top-column elementor-element elementor-element-3bc0ed0\" data-id=\"3bc0ed0\" data-element_type=\"column\" data-e-type=\"column\">\n\t\t\t<div class=\"elementor-widget-wrap elementor-element-populated\">\n\t\t\t\t\t\t<div class=\"elementor-element elementor-element-daf17e1 elementor-widget elementor-widget-heading\" data-id=\"daf17e1\" data-element_type=\"widget\" data-e-type=\"widget\" data-widget_type=\"heading.default\">\n\t\t\t\t<div class=\"elementor-widget-container\">\n\t\t\t\t\t<h4 class=\"elementor-heading-title elementor-size-default\">Medicinski saveti <\/h4>\t\t\t\t<\/div>\n\t\t\t\t<\/div>\n\t\t\t\t<div class=\"elementor-element elementor-element-8a7ecfa elementor-widget-divider--view-line elementor-widget elementor-widget-divider\" data-id=\"8a7ecfa\" data-element_type=\"widget\" data-e-type=\"widget\" data-widget_type=\"divider.default\">\n\t\t\t\t<div class=\"elementor-widget-container\">\n\t\t\t\t\t\t\t<div class=\"elementor-divider\">\n\t\t\t<span class=\"elementor-divider-separator\">\n\t\t\t\t\t\t<\/span>\n\t\t<\/div>\n\t\t\t\t\t\t<\/div>\n\t\t\t\t<\/div>\n\t\t\t\t<div class=\"elementor-element elementor-element-a2f60c0 elementor-widget elementor-widget-text-editor\" data-id=\"a2f60c0\" data-element_type=\"widget\" data-e-type=\"widget\" data-widget_type=\"text-editor.default\">\n\t\t\t\t<div class=\"elementor-widget-container\">\n\t\t\t\t\t\t\t\t\t<ul>\n<li>Kambo je potpuno bezbedan kada ga primenjuje pravilno obu\u010den prakti\u010dar, ali postoji grupa ljudi koja ne bi smeela raditi sa ovim lekom:<br>\u2022 Ozbiljni problemi sa srcem, uklju\u010duju\u0107i pejsmejker, bolest sr\u010danih zalistaka i uve\u0107ano srce<br>\u2022 Trudno\u0107a ili dojenje deteta mla\u0111eg od 1 godine<br>\u2022 Ekstremno visok ili nizak pritisak<br>\u2022 Ozbiljna mentalna oboljenja za koja se uzimaju lekovi<br>\u2022 Osobe sa istorijom psihijatrijskog le\u010denja ili mentalnih bolesti treba prethodno da se konsultuju sa prakti\u010darem<br>\u2022 Svi koji su prethodno pretrpeli mo\u017edani udar<\/li>\n<\/ul>\n<p>&nbsp; &nbsp; &nbsp; &nbsp; &nbsp; &nbsp; Ostale napomene \/ dodatna razmatranja<br>&nbsp; &nbsp; &nbsp; &nbsp; &nbsp; &nbsp; \u2022 Osobe sa astmom treba da ponesu svoj inhalator<br>&nbsp; &nbsp; &nbsp; &nbsp; &nbsp; &nbsp; \u2022 Dijabeti\u010dari bi trebalo da ponesu insulin, ali i trakicu za test i aparat..<br>&nbsp; &nbsp; &nbsp; &nbsp; &nbsp; &nbsp; \u2022 Ako uzimate neke lekove konsultujte se sa va\u0161im praktikantom.<br>&nbsp; &nbsp; &nbsp; &nbsp; &nbsp; &nbsp; \u2022 \u017dene koje su u menstrualnom ciklusu treba da budu svesne da mo\u017ee do\u0107i do poja\u010danog krvarenja 24\u201336 sati nakon tretmana Kambom.<\/p>\n<ul>\n<li>Ovo nije potpuna lista, zato je va\u017eno da se obratite svom prakti\u010daru ukoliko imate bilo kakve ozbiljne zdravstvene probleme. Ponekad zavisi od stadijuma bolesti ili od konstitucije osobe koja prima Kambo.<\/li>\n<\/ul>\n<p><strong>&nbsp; &nbsp; &nbsp; &nbsp; &nbsp; &nbsp; &nbsp;Bitne informacije<\/strong><br>&nbsp; &nbsp; &nbsp; &nbsp; &nbsp; &nbsp;\u2022 Va\u017eno je jesti laganu hranu nekoliko dana pre tretmana Kambom i ne jesti najmanje 8 sati pre tretmana, a \u010dvrstu hranu 10 sati pre tretmana.<\/p>\n<p>&nbsp; &nbsp; &nbsp; &nbsp; &nbsp; &nbsp; &nbsp;pre tretmana. Ne piti vodu 2\u20133 sata pre tretmana.&nbsp;<br>&nbsp; &nbsp; &nbsp; &nbsp; &nbsp; &nbsp;\u2022 O\u0161tro je zabranjena konzumacija alkohola i drugih supstanci najmanje 72 sata pre i posle tretmana Kambom. &nbsp;&nbsp;<br>&nbsp; &nbsp; &nbsp; &nbsp; &nbsp; &nbsp; .<\/p>\n<ul>\n<li>&nbsp; Za vi\u0161e einformacija&nbsp;&nbsp;<a href=\"https:\/\/instagram.com\/kambo.balkan?utm_medium=copy_link\" data-type=\"URL\" data-id=\"https:\/\/instagram.com\/kambo.balkan?utm_medium=copy_link\">kambo.balkan<\/a><\/li>\n<li>&nbsp; Vi\u0161e informacija o Kambo medicini na blogu&nbsp;<span style=\"font-style: inherit; color: var(--ast-global-color-3);\">https:\/\/curandero.love\/kambo\/<\/span><\/li>\n<\/ul>\t\t\t\t\t\t\t\t<\/div>\n\t\t\t\t<\/div>\n\t\t\t\t\t<\/div>\n\t\t<\/div>\n\t\t\t\t\t<\/div>\n\t\t<\/section>\n\t\t\t\t<section class=\"elementor-section elementor-top-section elementor-element elementor-element-e704d8c elementor-section-boxed elementor-section-height-default elementor-section-height-default\" data-id=\"e704d8c\" data-element_type=\"section\" data-e-type=\"section\">\n\t\t\t\t\t\t<div class=\"elementor-container elementor-column-gap-default\">\n\t\t\t\t\t<div class=\"elementor-column elementor-col-100 elementor-top-column elementor-element elementor-element-5711cf0\" data-id=\"5711cf0\" data-element_type=\"column\" data-e-type=\"column\">\n\t\t\t<div class=\"elementor-widget-wrap elementor-element-populated\">\n\t\t\t\t\t\t<div class=\"elementor-element elementor-element-0049caf elementor-shape-rounded elementor-grid-0 e-grid-align-center elementor-widget elementor-widget-social-icons\" data-id=\"0049caf\" data-element_type=\"widget\" data-e-type=\"widget\" data-widget_type=\"social-icons.default\">\n\t\t\t\t<div class=\"elementor-widget-container\">\n\t\t\t\t\t\t\t<div class=\"elementor-social-icons-wrapper elementor-grid\" role=\"list\">\n\t\t\t\t\t\t\t<span class=\"elementor-grid-item\" role=\"listitem\">\n\t\t\t\t\t<a class=\"elementor-icon elementor-social-icon elementor-social-icon-facebook elementor-repeater-item-141ddee\" href=\"https:\/\/www.facebook.com\/curandero.shop\/\" target=\"_blank\">\n\t\t\t\t\t\t<span class=\"elementor-screen-only\">Facebook<\/span>\n\t\t\t\t\t\t<i aria-hidden=\"true\" class=\"fab fa-facebook\"><\/i>\t\t\t\t\t<\/a>\n\t\t\t\t<\/span>\n\t\t\t\t\t\t\t<span class=\"elementor-grid-item\" role=\"listitem\">\n\t\t\t\t\t<a class=\"elementor-icon elementor-social-icon elementor-social-icon-instagram elementor-repeater-item-b5cd4a0\" href=\"https:\/\/www.instagram.com\/curandero_shop\/\" target=\"_blank\">\n\t\t\t\t\t\t<span class=\"elementor-screen-only\">Instagram<\/span>\n\t\t\t\t\t\t<i aria-hidden=\"true\" class=\"fab fa-instagram\"><\/i>\t\t\t\t\t<\/a>\n\t\t\t\t<\/span>\n\t\t\t\t\t\t\t<span class=\"elementor-grid-item\" role=\"listitem\">\n\t\t\t\t\t<a class=\"elementor-icon elementor-social-icon elementor-social-icon-soundcloud elementor-repeater-item-539328d\" href=\"https:\/\/soundcloud.com\/ivanvashnikitovic\" target=\"_blank\">\n\t\t\t\t\t\t<span class=\"elementor-screen-only\">Soundcloud<\/span>\n\t\t\t\t\t\t<i aria-hidden=\"true\" class=\"fab fa-soundcloud\"><\/i>\t\t\t\t\t<\/a>\n\t\t\t\t<\/span>\n\t\t\t\t\t\t\t<span class=\"elementor-grid-item\" role=\"listitem\">\n\t\t\t\t\t<a class=\"elementor-icon elementor-social-icon elementor-social-icon-link elementor-repeater-item-f1543ec\" href=\"https:\/\/www.bbc.com\/serbian\/lat\/srbija-59867694\" target=\"_blank\">\n\t\t\t\t\t\t<span class=\"elementor-screen-only\">Link<\/span>\n\t\t\t\t\t\t<i aria-hidden=\"true\" class=\"fas fa-link\"><\/i>\t\t\t\t\t<\/a>\n\t\t\t\t<\/span>\n\t\t\t\t\t<\/div>\n\t\t\t\t\t\t<\/div>\n\t\t\t\t<\/div>\n\t\t\t\t<div class=\"elementor-element elementor-element-96d0ce0 elementor-widget elementor-widget-heading\" data-id=\"96d0ce0\" data-element_type=\"widget\" data-e-type=\"widget\" data-widget_type=\"heading.default\">\n\t\t\t\t<div class=\"elementor-widget-container\">\n\t\t\t\t\t<h4 class=\"elementor-heading-title elementor-size-default\">\u00a9 2022 All Rights Reserved. Curandero<\/h4>\t\t\t\t<\/div>\n\t\t\t\t<\/div>\n\t\t\t\t\t<\/div>\n\t\t<\/div>\n\t\t\t\t\t<\/div>\n\t\t<\/section>\n\t\t\t\t<\/div>","protected":false},"excerpt":{"rendered":"<p>What is kambo Kambo Kambo acts as a great support to the immune system. Not only does it work on the physical body, but it also strengthens and harmonies the [&hellip;]<\/p>\n","protected":false},"author":2,"featured_media":0,"parent":2434,"menu_order":0,"comment_status":"closed","ping_status":"closed","template":"","meta":{"site-sidebar-layout":"no-sidebar","site-content-layout":"page-builder","ast-site-content-layout":"default","site-content-style":"default","site-sidebar-style":"default","ast-global-header-display":"","ast-banner-title-visibility":"","ast-main-header-display":"","ast-hfb-above-header-display":"","ast-hfb-below-header-display":"","ast-hfb-mobile-header-display":"","site-post-title":"disabled","ast-breadcrumbs-content":"","ast-featured-img":"disabled","footer-sml-layout":"","ast-disable-related-posts":"","theme-transparent-header-meta":"","adv-header-id-meta":"","stick-header-meta":"","header-above-stick-meta":"","header-main-stick-meta":"","header-below-stick-meta":"","astra-migrate-meta-layouts":"default","ast-page-background-enabled":"default","ast-page-background-meta":{"desktop":{"background-color":"","background-image":"","background-repeat":"repeat","background-position":"center center","background-size":"auto","background-attachment":"scroll","background-type":"","background-media":"","overlay-type":"","overlay-color":"","overlay-opacity":"","overlay-gradient":""},"tablet":{"background-color":"","background-image":"","background-repeat":"repeat","background-position":"center center","background-size":"auto","background-attachment":"scroll","background-type":"","background-media":"","overlay-type":"","overlay-color":"","overlay-opacity":"","overlay-gradient":""},"mobile":{"background-color":"","background-image":"","background-repeat":"repeat","background-position":"center center","background-size":"auto","background-attachment":"scroll","background-type":"","background-media":"","overlay-type":"","overlay-color":"","overlay-opacity":"","overlay-gradient":""}},"ast-content-background-meta":{"desktop":{"background-color":"var(--ast-global-color-5)","background-image":"","background-repeat":"repeat","background-position":"center center","background-size":"auto","background-attachment":"scroll","background-type":"","background-media":"","overlay-type":"","overlay-color":"","overlay-opacity":"","overlay-gradient":""},"tablet":{"background-color":"var(--ast-global-color-5)","background-image":"","background-repeat":"repeat","background-position":"center center","background-size":"auto","background-attachment":"scroll","background-type":"","background-media":"","overlay-type":"","overlay-color":"","overlay-opacity":"","overlay-gradient":""},"mobile":{"background-color":"var(--ast-global-color-5)","background-image":"","background-repeat":"repeat","background-position":"center center","background-size":"auto","background-attachment":"scroll","background-type":"","background-media":"","overlay-type":"","overlay-color":"","overlay-opacity":"","overlay-gradient":""}},"footnotes":""},"class_list":["post-2439","page","type-page","status-publish","hentry"],"aioseo_notices":[],"jetpack_sharing_enabled":true,"_links":{"self":[{"href":"https:\/\/curandero.love\/sr\/wp-json\/wp\/v2\/pages\/2439","targetHints":{"allow":["GET"]}}],"collection":[{"href":"https:\/\/curandero.love\/sr\/wp-json\/wp\/v2\/pages"}],"about":[{"href":"https:\/\/curandero.love\/sr\/wp-json\/wp\/v2\/types\/page"}],"author":[{"embeddable":true,"href":"https:\/\/curandero.love\/sr\/wp-json\/wp\/v2\/users\/2"}],"replies":[{"embeddable":true,"href":"https:\/\/curandero.love\/sr\/wp-json\/wp\/v2\/comments?post=2439"}],"version-history":[{"count":19,"href":"https:\/\/curandero.love\/sr\/wp-json\/wp\/v2\/pages\/2439\/revisions"}],"predecessor-version":[{"id":2981,"href":"https:\/\/curandero.love\/sr\/wp-json\/wp\/v2\/pages\/2439\/revisions\/2981"}],"up":[{"embeddable":true,"href":"https:\/\/curandero.love\/sr\/wp-json\/wp\/v2\/pages\/2434"}],"wp:attachment":[{"href":"https:\/\/curandero.love\/sr\/wp-json\/wp\/v2\/media?parent=2439"}],"curies":[{"name":"wp","href":"https:\/\/api.w.org\/{rel}","templated":true}]}}