{"id":3,"date":"2021-09-06T09:46:28","date_gmt":"2021-09-06T09:46:28","guid":{"rendered":"http:\/\/ivan.jan-geselle.com\/?page_id=3"},"modified":"2022-11-10T17:54:25","modified_gmt":"2022-11-10T17:54:25","slug":"privacy-policy","status":"publish","type":"page","link":"https:\/\/curandero.love\/sr\/privacy-policy\/","title":{"rendered":"POLITIKA PRIVATNOSTI"},"content":{"rendered":"<h2 class=\"wp-block-heading\">Ko smo mi<\/h2>\n\n\n\n<p><strong class=\"privacy-policy-tutorial\">Suggested text: <\/strong>Na\u0161a weeb adresa je : http:\/\/curandero.love<\/p>\n\n\n\n<h2 class=\"wp-block-heading\">Comments<\/h2>\n\n\n\n<p><strong class=\"privacy-policy-tutorial\">Suggested text: <\/strong>Kada posetioci ostave komentare na sajtu, prikupljamo podatke navedene u formularu za komentare, kao i IP adresu posetioca i informacije o pretra\u017eiva\u010du (user agent string) kako bismo pomogli u otkrivanju spama.<\/p>\n\n\n\n<p>Anonimizovani niz kreiran od va\u0161e e-mail adrese (tako\u0111e nazvan hash) mo\u017ee biti prosle\u0111en Gravatar servisu kako bi se proverilo da li ga koristite. Politika privatnosti Gravatar servisa dostupna je ovde: https:\/\/automattic.com\/privacy\/. Nakon odobrenja va\u0161eg komentara, va\u0161a profilna slika postaje vidljiva javnosti u kontekstu va\u0161eg komentara.<\/p>\n\n\n\n<h2 class=\"wp-block-heading\">Media<\/h2>\n\n\n\n<p><strong class=\"privacy-policy-tutorial\">Suggested text: <\/strong>Ako otpremate slike na sajt, trebalo bi da izbegavate slike koje sadr\u017ee ugra\u0111ene podatke o lokaciji (EXIF GPS). Posetioci sajta mogu preuzeti i izdvojiti podatke o lokaciji iz slika na sajtu.<\/p>\n\n\n\n<h2 class=\"wp-block-heading\">Cookies<\/h2>\n\n\n\n<p><strong class=\"privacy-policy-tutorial\">Suggested text: <\/strong>Ako ostavite komentar na na\u0161em sajtu, mo\u017eete se odlu\u010diti da sa\u010duvamo va\u0161e ime, e-mail adresu i web sajt u kola\u010di\u0107ima (cookies). Ovo je radi va\u0161e udobnosti, kako ne biste morali ponovo unositi svoje podatke prilikom slede\u0107eg komentara. Ovi kola\u010di\u0107i ostaju aktivni jednu godinu.<\/p>\n\n\n\n<p>Ako posetite na\u0161u stranicu za prijavu, postavi\u0107emo privremeni kola\u010di\u0107 kako bismo utvrdili da li va\u0161 pretra\u017eiva\u010d prihvata kola\u010di\u0107e. Ovaj kola\u010di\u0107 ne sadr\u017ei li\u010dne podatke i bri\u0161e se kada zatvorite pretra\u017eiva\u010d.<\/p>\n\n\n\n<p>Kada se prijavite, tako\u0111e \u0107emo postaviti nekoliko kola\u010di\u0107a za \u010duvanje va\u0161ih podataka za prijavu i pode\u0161avanja prikaza ekrana. Kola\u010di\u0107i za prijavu traju dva dana, a kola\u010di\u0107i za opcije prikaza ekrana jednu godinu. Ako odaberete opciju \u201eZapamti me\u201c, va\u0161a prijava \u0107e ostati aktivna dve nedelje. Kada se odjavite sa svog naloga, kola\u010di\u0107i za prijavu \u0107e biti uklonjeni.<\/p>\n\n\n\n<p>Ako ure\u0111ujete ili objavljujete \u010dlanak, dodatni kola\u010di\u0107 \u0107e biti sa\u010duvan u va\u0161em pretra\u017eiva\u010du. Ovaj kola\u010di\u0107 ne sadr\u017ei li\u010dne podatke i samo ozna\u010dava ID \u010dlanka koji ste upravo ure\u0111ivali. Isti\u010de nakon 1 dana.<\/p>\n\n\n\n<h2 class=\"wp-block-heading\">Ugra\u0111eni sadr\u017eaj sa drugih sajtova<\/h2>\n\n\n\n<p><strong class=\"privacy-policy-tutorial\">Suggested text: <\/strong>\u010clanci na ovom sajtu mogu sadr\u017eati ugra\u0111eni sadr\u017eaj (npr. video snimke, slike, \u010dlanke itd.). Ugra\u0111eni sadr\u017eaj sa drugih sajtova pona\u0161a se na isti na\u010din kao da je posetilac direktno posetio taj drugi sajt.<\/p>\n\n\n\n<p>Ti sajtovi mogu prikupljati podatke o vama, koristiti kola\u010di\u0107e, ugra\u0111ivati dodatne alate za pra\u0107enje tre\u0107ih strana i pratiti va\u0161u interakciju sa tim ugra\u0111enim sadr\u017eajem, uklju\u010duju\u0107i pra\u0107enje va\u0161e aktivnosti ako imate nalog i prijavljeni ste na taj sajt.<\/p>\n\n\n\n<h2 class=\"wp-block-heading\">Sa kim delimo va\u0161e podatke<\/h2>\n\n\n\n<p><strong class=\"privacy-policy-tutorial\">Suggested text: <\/strong>Ako zatra\u017eite resetovanje lozinke, va\u0161a IP adresa bi\u0107e uklju\u010dena u e-mail za resetovanje lozinke.<\/p>\n\n\n\n<h2 class=\"wp-block-heading\">Koliko dugo \u010duvamo va\u0161e podatke<\/h2>\n\n\n\n<p><strong class=\"privacy-policy-tutorial\">Suggested text: <\/strong>Ako ostavite komentar, komentar i njegovi metapodaci \u010duvaju se **neograni\u010deno**. Ovo omogu\u0107ava da automatski prepoznamo i odobrimo eventualne slede\u0107e komentare, umesto da ih stavljamo u red za moderaciju.<\/p>\n\n\n\n<p>Za korisnike koji se registruju na na\u0161em sajtu (ako ih ima), tako\u0111e \u010duvamo li\u010dne podatke koje unesu u svoj korisni\u010dki profil. Svi korisnici mogu **videti, ure\u0111ivati ili brisati svoje li\u010dne podatke u bilo kom trenutku** (osim \u0161to ne mogu promeniti svoje korisni\u010dko ime). Administratori sajta tako\u0111e mogu videti i ure\u0111ivati te podatke.<\/p>\n\n\n\n<h2 class=\"wp-block-heading\">Koja prava imate u vezi sa svojim podacima<\/h2>\n\n\n\n<p><strong class=\"privacy-policy-tutorial\">Suggested text: <\/strong>Ako imate nalog na ovom sajtu ili ste ostavili komentare, mo\u017eete zatra\u017eiti da dobijete **izvezeni fajl** sa li\u010dnim podacima koje \u010duvamo o vama, uklju\u010duju\u0107i sve podatke koje ste nam dostavili. Tako\u0111e, mo\u017eete zatra\u017eiti da obri\u0161emo sve li\u010dne podatke koje \u010duvamo o vama. Ovo ne uklju\u010duje podatke koje smo **obavezni da \u010duvamo** iz administrativnih, pravnih ili sigurnosnih razloga.<\/p>\n\n\n\n<h2 class=\"wp-block-heading\">Gde \u0161aljemo va\u0161e podatke<\/h2>\n\n\n\n<p><strong class=\"privacy-policy-tutorial\">Suggested text: <\/strong>Komentari posetilaca mogu biti proveravani putem automatizovane usluge za otkrivanje spama.<\/p>","protected":false},"excerpt":{"rendered":"<p>Who we are Suggested text: Our website address is: http:\/\/curandero.love Comments Suggested text: When visitors leave comments on the site we collect the data shown in the comments form, and [&hellip;]<\/p>\n","protected":false},"author":1,"featured_media":0,"parent":0,"menu_order":0,"comment_status":"closed","ping_status":"open","template":"","meta":{"site-sidebar-layout":"default","site-content-layout":"","ast-site-content-layout":"default","site-content-style":"default","site-sidebar-style":"default","ast-global-header-display":"","ast-banner-title-visibility":"","ast-main-header-display":"","ast-hfb-above-header-display":"","ast-hfb-below-header-display":"","ast-hfb-mobile-header-display":"","site-post-title":"","ast-breadcrumbs-content":"","ast-featured-img":"","footer-sml-layout":"","ast-disable-related-posts":"","theme-transparent-header-meta":"","adv-header-id-meta":"","stick-header-meta":"","header-above-stick-meta":"","header-main-stick-meta":"","header-below-stick-meta":"","astra-migrate-meta-layouts":"default","ast-page-background-enabled":"default","ast-page-background-meta":{"desktop":{"background-color":"","background-image":"","background-repeat":"repeat","background-position":"center center","background-size":"auto","background-attachment":"scroll","background-type":"","background-media":"","overlay-type":"","overlay-color":"","overlay-opacity":"","overlay-gradient":""},"tablet":{"background-color":"","background-image":"","background-repeat":"repeat","background-position":"center center","background-size":"auto","background-attachment":"scroll","background-type":"","background-media":"","overlay-type":"","overlay-color":"","overlay-opacity":"","overlay-gradient":""},"mobile":{"background-color":"","background-image":"","background-repeat":"repeat","background-position":"center center","background-size":"auto","background-attachment":"scroll","background-type":"","background-media":"","overlay-type":"","overlay-color":"","overlay-opacity":"","overlay-gradient":""}},"ast-content-background-meta":{"desktop":{"background-color":"var(--ast-global-color-5)","background-image":"","background-repeat":"repeat","background-position":"center center","background-size":"auto","background-attachment":"scroll","background-type":"","background-media":"","overlay-type":"","overlay-color":"","overlay-opacity":"","overlay-gradient":""},"tablet":{"background-color":"var(--ast-global-color-5)","background-image":"","background-repeat":"repeat","background-position":"center center","background-size":"auto","background-attachment":"scroll","background-type":"","background-media":"","overlay-type":"","overlay-color":"","overlay-opacity":"","overlay-gradient":""},"mobile":{"background-color":"var(--ast-global-color-5)","background-image":"","background-repeat":"repeat","background-position":"center center","background-size":"auto","background-attachment":"scroll","background-type":"","background-media":"","overlay-type":"","overlay-color":"","overlay-opacity":"","overlay-gradient":""}},"footnotes":""},"class_list":["post-3","page","type-page","status-publish","hentry"],"aioseo_notices":[],"jetpack_sharing_enabled":true,"_links":{"self":[{"href":"https:\/\/curandero.love\/sr\/wp-json\/wp\/v2\/pages\/3","targetHints":{"allow":["GET"]}}],"collection":[{"href":"https:\/\/curandero.love\/sr\/wp-json\/wp\/v2\/pages"}],"about":[{"href":"https:\/\/curandero.love\/sr\/wp-json\/wp\/v2\/types\/page"}],"author":[{"embeddable":true,"href":"https:\/\/curandero.love\/sr\/wp-json\/wp\/v2\/users\/1"}],"replies":[{"embeddable":true,"href":"https:\/\/curandero.love\/sr\/wp-json\/wp\/v2\/comments?post=3"}],"version-history":[{"count":3,"href":"https:\/\/curandero.love\/sr\/wp-json\/wp\/v2\/pages\/3\/revisions"}],"predecessor-version":[{"id":2623,"href":"https:\/\/curandero.love\/sr\/wp-json\/wp\/v2\/pages\/3\/revisions\/2623"}],"wp:attachment":[{"href":"https:\/\/curandero.love\/sr\/wp-json\/wp\/v2\/media?parent=3"}],"curies":[{"name":"wp","href":"https:\/\/api.w.org\/{rel}","templated":true}]}}