{"id":1095,"date":"2022-07-01T19:18:53","date_gmt":"2022-07-01T19:18:53","guid":{"rendered":"http:\/\/ivan.jan-geselle.com\/?post_type=product&#038;p=1095"},"modified":"2026-04-11T08:27:48","modified_gmt":"2026-04-11T06:27:48","slug":"lovers-cacao-ceremonial-cacao","status":"publish","type":"product","link":"https:\/\/curandero.love\/sr\/\u043f\u0440\u043e\u0438\u0437\u0432\u043e\u0434\/lovers-cacao-ceremonial-cacao\/","title":{"rendered":"Ljubavni Kakao Organski kakao iz Perua  100g"},"content":{"rendered":"<p><strong>Latinsko ime <\/strong><i><a href=\"https:\/\/curandero.love\/sr\/kakao-krv-dzungle\/\">Theobroma cacao \u201cCriollo Cacao\u201d<\/a><br \/>\n<\/i><\/p>\n<p><strong>Poreklo: <i>Perua\u00a0<\/i><\/strong><em><br \/>\n<\/em><\/p>\n<div id=\"yui_3_17_2_1_1656703088080_106\" class=\"Site loaded\" data-nc-base=\"header\" data-controller=\"AncillaryLayout\" data-controllers-bound=\"AncillaryLayout\">\n<div id=\"yui_3_17_2_1_1656703088080_105\" class=\"Site-inner\">\n<div id=\"yui_3_17_2_1_1656703088080_104\" class=\"Content-outer\">\n<section id=\"yui_3_17_2_1_1656703088080_102\" class=\"Main-content\" data-content-field=\"main-content\">\n<div id=\"page-5a0f4f60ec212d543c6ab261\" class=\"sqs-layout sqs-grid-12 columns-12\" data-type=\"page\" data-updated-on=\"1620141558103\">\n<div id=\"yui_3_17_2_1_1656703088080_101\" class=\"row sqs-row\">\n<div id=\"yui_3_17_2_1_1656703088080_100\" class=\"col sqs-col-8 span-8\">\n<div id=\"yui_3_17_2_1_1656703088080_127\" class=\"row sqs-row\">\n<div id=\"yui_3_17_2_1_1656703088080_648\" class=\"col sqs-col-4 span-4\">\n<div id=\"block-yui_3_17_2_1_1562238447912_55477\" class=\"sqs-block html-block sqs-block-html\" data-block-type=\"2\">\n<div id=\"yui_3_17_2_1_1656703088080_647\" class=\"sqs-block-content\">\n<p id=\"yui_3_17_2_1_1656703088080_646\" class=\"\"><strong id=\"yui_3_17_2_1_1656703088080_645\">LJUBAVNI KAKAO: ORGANSKI KAKAO U TABLI (100g)<\/strong><\/p>\n<p class=\"translation-block\">Organski kakao iz peruanskog Amazona: 100% \u010dist Criollo sirovi kakao blok. Bez \u0161e\u0107era i bez aditiva. Samonikli u prirodnom stani\u0161tu u d\u017eunglama Tarapota, bran od strane autohtonog stanovni\u0161tva, ru\u010dno obra\u0111en u malim serijama.<\/p>\n<p class=\"\">\u010cesto se postavlja pitanje: Koji kakao je najbolji? ICCO (me\u0111unarodno udru\u017eenje) kategorizuje najbolje vrste kao '<a href=\"https:\/\/www.icco.org\/fine-or-flavor-cocoa\/\" target=\"_self\">fino de aroma<\/a>' \u2014 \u0161to \u010dini samo 5-8% svetske proizvodnje. Nehibridizovan <a href=\"https:\/\/domori.com\/en\/content\/19-criollo\" target=\"_self\">Criollo<\/a> je redak primerak ove kategorije, sa udelom od samo 0.01% globalne proizvodnje.<\/p>\n<p class=\"\">Ljubavni kakao je organski kakao kojem ni\u0161ta nije dodato i ni\u0161ta nije oduzeto. Na\u0161 strpljiv na\u010din proizvodnje \u010duva sve esencijalno u njemu, ostaje samo termicki ne obradjen sirov kakao. Na zalost, industrijski kakao prolazi kroz agresivnu obradu koja uni\u0161tava sastojke koje \u010dine esenciju kakaa i vecina ljudi nikad ni ne upozna kakao biljku.<\/p>\n<p><span class=\"hps\"><span id=\"result_box\" class=\"short_text\" lang=\"en\"><span dir=\"auto\"><span id=\"result_box\" lang=\"en\">\u00a0Sirovi kakao je bogat magnezijumom (476mg\/100g), gvo\u017e\u0111em (16mg\/100g), kalcijumom, cinkom, kalijumom, flavonoidima i antioksidansima. Sadr\u017ei triptofan (prekursor serotonina) i prirodna jedinjenja koja podr\u017eavaju raspolo\u017eenje, energiju i kardiovaskularno zdravlje \u2014 <a href=\"https:\/\/pubmed.ncbi.nlm.nih.gov\/35294962\/\" target=\"_self\">pubmed.org<\/a><\/span><\/span><\/span><\/span><\/p>\n<p class=\"\"><strong>ME\u0110U NAJBOLJIM I NAJREDJIM <a href=\"https:\/\/curandero.love\/sr\/kakao-krv-dzungle\/\" target=\"_self\">KAKOAIMA<\/a> NA SVETU<\/strong><\/p>\n<p class=\"\">Dok ogromne korporacije proizvedu milione tona Forastera (jeftini, industrijski kakao koji \u010dini 93.5% svjetske proizvodnje), u d\u017eunglama Perua se de\u0161ava ne\u0161to sasvim suprotno. Criollo kakao je prvi domestifikovani kakao na planeti a danas izumire zato \u0161to je uzgajanje te\u0161ko, skupo i nesplatljivo industrijskoj proizvodnji.<\/p>\n<\/div>\n<\/div>\n<\/div>\n<div id=\"yui_3_17_2_1_1656703088080_126\" class=\"col sqs-col-4 span-4\">\n<div id=\"block-yui_3_17_2_26_1511003143178_5854\" class=\"sqs-block html-block sqs-block-html\" data-block-type=\"2\">\n<div class=\"sqs-block-content\">\n<p class=\"\">Upravo tu po\u010dinje pri\u010da Ljubavnog Kakaa. U regiji Tarapoto, srcu amazonskog biodiverziteta i ceremonijalnog znanja, grupica domorodaca odr\u017eava kakao tradiciju. Kao sto se hiljadama godina koristio, skuplja se sa samoniklih stabla u prirodnom amazonskom stani\u0161tu.<\/p>\n<p class=\"\">Domorodci Quechua, koji \u017eive u tim regijama, \u010duvaju znanje o kakau. Od Quechua Chokolaterosa su primili strogo definisan proces: kakao nikada ne sme biti prokuvan jer bi to uni\u0161tilo ve\u0107inu dobrih stvari. Mleko se nikada ne dodaje jer razgra\u0111uje teobromin koji je jedan od klju\u010dnih aktivnih sastojaka. Uvek se ru\u010dno obra\u0111uje: fermentacija, su\u0161enje na suncu, roasting na niskoj temperaturi -sve kako se radilo vekovima. To cini da svaki blok Ljubavnog Kakao je mali \u010din prkosa industriskoj proizvodnji.<\/p>\n<p class=\"\">Criollo \u010dini manje od 0.01% globalne proizvodnje -icco.org. To nije marketing vec genetska \u010dinjenica. Kada koristite standardan kakao iz trgovine, vi konzumirate hibride, mje\u0161avine stvorene za brzinu i profit, ne za istinski ukus i zdravlje. Sada mo\u017eete popiti to \u0161to su mogli samo bogata\u0161i i kraljevi - \u010dist kakao nemodifikovan iz izvornog stani\u0161ta.<\/p>\n<\/div>\n<\/div>\n<div id=\"block-yui_3_17_2_26_1511003143178_7432\" class=\"sqs-block image-block sqs-block-image sqs-text-ready\" data-block-type=\"5\">\n<div id=\"yui_3_17_2_1_1656703088080_125\" class=\"sqs-block-content\">\n<div id=\"yui_3_17_2_1_1656703088080_124\" class=\"image-block-outer-wrapper layout-caption-below design-layout-inline combination-animation-none individual-animation-none individual-text-animation-none sqs-narrow-width\" data-test=\"image-block-inline-outer-wrapper\">\n<figure id=\"yui_3_17_2_1_1656703088080_123\" class=\"sqs-block-image-figure intrinsic\">\n<div id=\"yui_3_17_2_1_1656703088080_122\" class=\"image-block-wrapper\" data-animation-role=\"image\">\n<div id=\"yui_3_17_2_1_1656703088080_121\" class=\"sqs-image-shape-container-element has-aspect-ratio\"><\/div>\n<\/div>\n<\/figure>\n<\/div>\n<\/div>\n<\/div>\n<\/div>\n<\/div>\n<div id=\"block-yui_3_17_2_1_1562238447912_54903\" class=\"sqs-block horizontalrule-block sqs-block-horizontalrule\" data-block-type=\"47\">\n<div class=\"sqs-block-content\">\n<hr \/>\n<\/div>\n<\/div>\n<div id=\"block-yui_3_17_2_1_1562238447912_53560\" class=\"sqs-block quote-block sqs-block-quote null\" data-block-type=\"31\">\n<div class=\"sqs-block-content\">\n<figure class=\"block-animation-none\">\n<blockquote data-animation-role=\"quote\"><p>\u010cokolada je bo\u017eanski, nebeski napitak, znoj zvezda, vitalno seme, bo\u017eanski nektar, pi\u0107e bogova, panaceja i univerzalni lek.<\/blockquote><figcaption class=\"source\">\u2014 Geronimo Piperni, citiran od Antonio Laved\u00e1na, \u0161panski vojni hirurg, 1796<\/figcaption><\/figure>\n<\/div>\n<\/div>\n<div id=\"block-yui_3_17_2_1_1596014826056_7627\" class=\"sqs-block horizontalrule-block sqs-block-horizontalrule\" data-block-type=\"47\">\n<div class=\"sqs-block-content\">\n<hr \/>\n<\/div>\n<\/div>\n<div id=\"block-yui_3_17_2_1_1596014826056_8253\" class=\"sqs-block html-block sqs-block-html\" data-block-type=\"2\">\n<div class=\"sqs-block-content\">\n<h1 class=\"translation-block\"><a href=\"https:\/\/curandero.love\/sr\/kakao-krv-dzungle\/\" target=\"_self\">KAKAO<\/a> LJUBAV D\u017dUNGLE<\/h1>\n<\/div>\n<\/div>\n<div id=\"yui_3_17_2_1_1656703088080_147\" class=\"row sqs-row\">\n<div id=\"yui_3_17_2_1_1656703088080_146\" class=\"col sqs-col-3 span-3\">\n<div id=\"block-yui_3_17_2_1_1596014826056_11873\" class=\"sqs-block image-block sqs-block-image sqs-text-ready\" data-block-type=\"5\">\n<div id=\"yui_3_17_2_1_1656703088080_145\" class=\"sqs-block-content\">\n<div id=\"yui_3_17_2_1_1656703088080_144\" class=\"image-block-outer-wrapper layout-caption-below design-layout-inline combination-animation-none individual-animation-none individual-text-animation-none sqs-narrow-width\" data-test=\"image-block-inline-outer-wrapper\">\n<figure id=\"yui_3_17_2_1_1656703088080_143\" class=\"sqs-block-image-figure intrinsic\">\n<div id=\"yui_3_17_2_1_1656703088080_142\" class=\"image-block-wrapper\" data-animation-role=\"image\">\n<div id=\"yui_3_17_2_1_1656703088080_141\" class=\"sqs-image-shape-container-element has-aspect-ratio\"><\/div>\n<\/div>\n<\/figure>\n<\/div>\n<\/div>\n<\/div>\n<div id=\"block-yui_3_17_2_1_1596014826056_18205\" class=\"sqs-block image-block sqs-block-image sqs-text-ready\" data-block-type=\"5\">\n<div id=\"yui_3_17_2_1_1656703088080_165\" class=\"sqs-block-content\">\n<div id=\"yui_3_17_2_1_1656703088080_164\" class=\"image-block-outer-wrapper layout-caption-below design-layout-inline combination-animation-none individual-animation-none individual-text-animation-none sqs-narrow-width\" data-test=\"image-block-inline-outer-wrapper\">\n<figure id=\"yui_3_17_2_1_1656703088080_163\" class=\"sqs-block-image-figure intrinsic\">\n<div id=\"yui_3_17_2_1_1656703088080_162\" class=\"image-block-wrapper\" data-animation-role=\"image\">\n<div id=\"yui_3_17_2_1_1656703088080_161\" class=\"sqs-image-shape-container-element has-aspect-ratio\"><\/div>\n<\/div>\n<\/figure>\n<\/div>\n<\/div>\n<\/div>\n<div id=\"block-yui_3_17_2_1_1620141252575_34418\" class=\"sqs-block button-block sqs-block-button\" data-block-type=\"53\">\n<div id=\"yui_3_17_2_1_1656703088080_189\" class=\"sqs-block-content\">\n<div id=\"yui_3_17_2_1_1656703088080_188\" class=\"sqs-block-button-container sqs-block-button-container--center\" data-animation-role=\"button\" data-alignment=\"center\" data-button-size=\"medium\" data-button-type=\"primary\"><\/div>\n<\/div>\n<\/div>\n<\/div>\n<div class=\"col sqs-col-5 span-5\">\n<div id=\"block-yui_3_17_2_1_1596014826056_10800\" class=\"sqs-block html-block sqs-block-html\" data-block-type=\"2\">\n<div class=\"sqs-block-content\">\n<p class=\"\"><strong>ZDRAVSTVENE KORISTI SIROVOG KAKAA <\/strong><\/p>\n<p class=\"\">Priroda je u kakao zrnu sakrila hemijsku kombinaciju koja izgleda kao recept za blagostanje. Ali ve\u0107ina tog blagostanja mo\u017ee biti uni\u0161tena lo\u0161om obradom.<\/p>\n<p class=\"\">Zbog toga je proizvodnja Lovers Cacao specifi\u010dna: ru\u010dno mlevenje, niska temperatura, bez \u0161e\u0107era, bez mleka. Svaki korak je osmi\u0161ljen da sa\u010duva sve nutrijente.<\/p>\n<p class=\"\">Kakao je jedinstvena namirnica koja sadr\u017ei ovu kombinaciju jedinjenja:                                                                        \n                                                 \n\u2022\tTeobromin \u2014 Blagi stimulans koji pru\u017ea poletnu energiju bez da vas cini nervoznim. \u0160iri krvne sudove za bolji protok krvi i zdravlje srca.  pubmed.org\n                                                                         \n\u2022\tFeniletilamin \u2014 zvan \"Hormon ljubavi\" koji podsti\u010de osloba\u0111anje dopamina. Pobolj\u0161ava raspolo\u017eenje, smanjuje anksioznost i stvara ose\u0107aj blagostanja.\n                                                         \n\u2022\tFlavonoidi \u2014 Mo\u0107ni antioksidansi koji neutrali\u0161u slobodne radikale. \u010cuvaju ko\u017eu, spre\u010davaju hroni\u010dne bolesti i odr\u017eavaju srce zdravim.\n\n\u2022\tTriptofan \u2014 Ako u telu nema dovoljno triptofana, mo\u017ee se zadobiti serotonin deficit, \u0161to vodi depresiji i uti\u010de na memoriju i funkciju mozga. Kakao sadr\u017ei supstance koje spre\u010davaju raspadanje triptofana, omogu\u0107avaju\u0107i vi\u0161e serotonina za proizvodnju.\n                                              \n\u2022\tTerpene \u2014 Aromatska jedinjenja sa psih\u043eaktivnim svojstvima. Tri prominentna u kakau su myrcene, linalool, i ocimene (ista kao u cannabisu).\n                                     \n\u2022\tAnandamid \u2014  Anandamid je izvedeno iz sanskritske re\u010di \"ananda\" \u0161to zna\u010di bla\u017eenstvo. To je hemijska osnova za \"runner's high\" (osecaj zadovoljstva posle joge, rekreacije ili meditacije). Prona\u0111en samo u dva izvora hrane: kakau i crnim tartufima.<\/p>\n<p class=\"\"><strong>TRANSFORMACIJA KROZ KAKAO <\/strong><\/p>\n<p class=\"\">Zagrijte vodu ili biljno mleko do 80\u00b0C (ne vi\u0161e jel niska temperatura \u010duva benefite). Dodajte Ljubavni Kakao blok i lagano mesajte dok se ne otopi. Dodajte malo soli, kardamoma ili cimeta po \u017eeljenom ukusu. Mo\u017eete ga koristiti svakodnevno umjesto kafe, napravite toplu \u010dokoladu sa 20-25g kakaa dnevno, prema va\u0161im potrebama.<\/p>\n<p class=\"\">Ceremonijalna doza je 50 grama po osobi. Kakao sadr\u017ei pharmacopeia (bogatstvo) navedenih psih\u043eaktivnih jedinjenja 50 grama je koli\u010dina koja aktivira sve sastojke i dejstvo se oseca. Mnogi ljudi ne znaju za tu stranu kakaa. Efekti po\u010dinju za 20-30 minuta. Ose\u0107aj je topao, kao da se toplota \u0161iri od srca prema ostatku tela. Ve\u0107ina opisuje to kao \"otvaranje srca\", poja\u010danu empatiju, poja\u010danu jasno\u0107u, i ose\u0107aj duboke konekcije sa sobom i drugima. Efekti traju 2-4 sata.<\/p>\n<p class=\"\">Kada je napitak spreman, zastani, osmotri. To je ljubav d\u017eungle u \u0161olji ispred tebe. Po\u010dni sa \"Hvala\", \u010dak i ako nije jasno za \u0161ta. Sklopi ruke i ka\u017ei \"Hvala\". Oseti ove reci. Nemoj mehanicki. Drzi taj osecaj i polako \u0107e ti dolaziti stvarne stvari za koje si zahvalan: za svoje telo, za disanje, za dar da postoji\u0161, za ovaj trenutak. Zahvalnost menja energiju oko tebe i priprema te za ovaj cin.<\/p>\n<p class=\"\">To je pravi nacin da se koristi Ljubavni Kakao. Pijte polako, u miru, sa zahvalnoscu prema zivotu.<\/p>\n<\/div>\n<\/div>\n<\/div>\n<\/div>\n<\/div>\n<\/div>\n<div class=\"row sqs-row\">\n<div class=\"col sqs-col-12 span-12\">\n<div id=\"block-yui_3_17_2_1_1620141252575_50153\" class=\"sqs-block horizontalrule-block sqs-block-horizontalrule\" data-block-type=\"47\">\n<div class=\"sqs-block-content\"><\/div>\n<\/div>\n<div id=\"block-yui_3_17_2_1_1620141252575_35636\" class=\"sqs-block summary-v2-block sqs-block-summary-v2\" data-block-json=\"{&quot;collectionId&quot;:&quot;5d1cd367cdd3850001dbd635&quot;,&quot;design&quot;:&quot;autocolumns&quot;,&quot;headerText&quot;:&quot;Featured&quot;,&quot;textSize&quot;:&quot;medium&quot;,&quot;pageSize&quot;:4,&quot;imageAspectRatio&quot;:1.5,&quot;columnWidth&quot;:300,&quot;gutter&quot;:60,&quot;listImageSize&quot;:30,&quot;listImageAlignment&quot;:&quot;left&quot;,&quot;slidesPerRow&quot;:3,&quot;textAlignment&quot;:&quot;center&quot;,&quot;showTitle&quot;:true,&quot;showThumbnail&quot;:true,&quot;showExcerpt&quot;:true,&quot;showReadMoreLink&quot;:false,&quot;showPrice&quot;:true,&quot;productQuickViewEnabled&quot;:false,&quot;showPastOrUpcomingEvents&quot;:&quot;upcoming&quot;,&quot;metadataPosition&quot;:&quot;below-content&quot;,&quot;primaryMetadata&quot;:&quot;none&quot;,&quot;secondaryMetadata&quot;:&quot;none&quot;,&quot;filter&quot;:{&quot;tag&quot;:null,&quot;category&quot;:null},&quot;autoCrop&quot;:true,&quot;lightbox&quot;:false,&quot;mixedContent&quot;:true,&quot;blockId&quot;:&quot;6f41ccfc1775fd8fe7a4&quot;,&quot;hSize&quot;:null,&quot;floatDir&quot;:null,&quot;collectionType&quot;:1}\" data-block-type=\"55\">\n<div class=\"sqs-block-content\">\n<div class=\"summary-block-wrapper summary-block-collection-type-blog summary-block-setting-text-size-medium summary-block-setting-text-align-center summary-block-setting-design-autocolumns summary-block-setting-design-list-thumbnail-left summary-block-setting-metadata-position-below-content summary-block-setting-primary-metadata-none summary-block-setting-secondary-metadata-none summary-block-setting-show-thumbnail summary-block-setting-show-title summary-block-setting-show-price summary-block-setting-show-excerpt sqs-gallery-design-autocolumns\">\n<div id=\"yui_3_17_2_1_1656703088080_220\" class=\"summary-item-list-container sqs-gallery-container\">\n<div id=\"yui_3_17_2_1_1656703088080_239\" class=\"summary-item-list sqs-gallery sqs-gallery-design-autocolumns\">\n<div id=\"yui_3_17_2_1_1656703088080_244\" class=\"summary-item summary-item-record-type-text sqs-gallery-design-autocolumns-slide summary-item-has-thumbnail summary-item-has-cats summary-item-has-tags summary-item-has-author summary-item-has-comments-enabled positioned sqs-active-slide\" data-type=\"image\">\n<div class=\"summary-thumbnail-outer-container\">\n<div class=\"summary-thumbnail img-wrapper\" data-animation-role=\"image\"><\/div>\n<\/div>\n<\/div>\n<\/div>\n<\/div>\n<\/div>\n<\/div>\n<\/div>\n<\/div>\n<\/div>\n<\/div>\n<\/section>\n<p>&nbsp;<\/p>\n<\/div>\n<\/div>\n<\/div>","protected":false},"excerpt":{"rendered":"<p>Latin name: Theobroma cacao \u201cCriollo Cacao\u201d Origin: Peru\u00a0 PHYSICAL BENEFITS Organic wild raw ceremonial Cacao brings natural stress relief because it contains potassium, phosphorus, copper, iron, zinc, and magnesium which [&hellip;]<\/p>\n","protected":false},"featured_media":1308,"comment_status":"open","ping_status":"closed","template":"","meta":{"site-sidebar-layout":"default","site-content-layout":"default","ast-site-content-layout":"default","site-content-style":"default","site-sidebar-style":"default","ast-global-header-display":"","ast-banner-title-visibility":"","ast-main-header-display":"","ast-hfb-above-header-display":"","ast-hfb-below-header-display":"","ast-hfb-mobile-header-display":"","site-post-title":"","ast-breadcrumbs-content":"","ast-featured-img":"","footer-sml-layout":"","ast-disable-related-posts":"","theme-transparent-header-meta":"default","adv-header-id-meta":"","stick-header-meta":"","header-above-stick-meta":"","header-main-stick-meta":"","header-below-stick-meta":"","astra-migrate-meta-layouts":"set","ast-page-background-enabled":"default","ast-page-background-meta":{"desktop":{"background-color":"","background-image":"","background-repeat":"repeat","background-position":"center center","background-size":"auto","background-attachment":"scroll","background-type":"","background-media":"","overlay-type":"","overlay-color":"","overlay-opacity":"","overlay-gradient":""},"tablet":{"background-color":"","background-image":"","background-repeat":"repeat","background-position":"center center","background-size":"auto","background-attachment":"scroll","background-type":"","background-media":"","overlay-type":"","overlay-color":"","overlay-opacity":"","overlay-gradient":""},"mobile":{"background-color":"","background-image":"","background-repeat":"repeat","background-position":"center center","background-size":"auto","background-attachment":"scroll","background-type":"","background-media":"","overlay-type":"","overlay-color":"","overlay-opacity":"","overlay-gradient":""}},"ast-content-background-meta":{"desktop":{"background-color":"var(--ast-global-color-5)","background-image":"","background-repeat":"repeat","background-position":"center center","background-size":"auto","background-attachment":"scroll","background-type":"","background-media":"","overlay-type":"","overlay-color":"","overlay-opacity":"","overlay-gradient":""},"tablet":{"background-color":"var(--ast-global-color-5)","background-image":"","background-repeat":"repeat","background-position":"center center","background-size":"auto","background-attachment":"scroll","background-type":"","background-media":"","overlay-type":"","overlay-color":"","overlay-opacity":"","overlay-gradient":""},"mobile":{"background-color":"var(--ast-global-color-5)","background-image":"","background-repeat":"repeat","background-position":"center center","background-size":"auto","background-attachment":"scroll","background-type":"","background-media":"","overlay-type":"","overlay-color":"","overlay-opacity":"","overlay-gradient":""}}},"product_brand":[],"product_cat":[17,108],"product_tag":[],"class_list":{"0":"post-1095","1":"product","2":"type-product","3":"status-publish","4":"has-post-thumbnail","6":"product_cat-herbs","7":"product_cat-cacao","8":"desktop-align-right","9":"tablet-align-left","10":"mobile-align-left","12":"first","13":"instock","14":"taxable","15":"shipping-taxable","16":"purchasable","17":"product-type-simple"},"aioseo_notices":[],"jetpack_sharing_enabled":true,"_links":{"self":[{"href":"https:\/\/curandero.love\/sr\/wp-json\/wp\/v2\/product\/1095","targetHints":{"allow":["GET"]}}],"collection":[{"href":"https:\/\/curandero.love\/sr\/wp-json\/wp\/v2\/product"}],"about":[{"href":"https:\/\/curandero.love\/sr\/wp-json\/wp\/v2\/types\/product"}],"replies":[{"embeddable":true,"href":"https:\/\/curandero.love\/sr\/wp-json\/wp\/v2\/comments?post=1095"}],"version-history":[{"count":9,"href":"https:\/\/curandero.love\/sr\/wp-json\/wp\/v2\/product\/1095\/revisions"}],"predecessor-version":[{"id":8973,"href":"https:\/\/curandero.love\/sr\/wp-json\/wp\/v2\/product\/1095\/revisions\/8973"}],"wp:featuredmedia":[{"embeddable":true,"href":"https:\/\/curandero.love\/sr\/wp-json\/wp\/v2\/media\/1308"}],"wp:attachment":[{"href":"https:\/\/curandero.love\/sr\/wp-json\/wp\/v2\/media?parent=1095"}],"wp:term":[{"taxonomy":"product_brand","embeddable":true,"href":"https:\/\/curandero.love\/sr\/wp-json\/wp\/v2\/product_brand?post=1095"},{"taxonomy":"product_cat","embeddable":true,"href":"https:\/\/curandero.love\/sr\/wp-json\/wp\/v2\/product_cat?post=1095"},{"taxonomy":"product_tag","embeddable":true,"href":"https:\/\/curandero.love\/sr\/wp-json\/wp\/v2\/product_tag?post=1095"}],"curies":[{"name":"wp","href":"https:\/\/api.w.org\/{rel}","templated":true}]}}