{"id":139,"date":"2021-10-21T15:26:58","date_gmt":"2021-10-21T15:26:58","guid":{"rendered":"http:\/\/ivan.jan-geselle.com\/?post_type=product&#038;p=139"},"modified":"2026-05-06T17:01:27","modified_gmt":"2026-05-06T15:01:27","slug":"kashinawa-rape","status":"publish","type":"product","link":"https:\/\/curandero.love\/sr\/\u043f\u0440\u043e\u0438\u0437\u0432\u043e\u0434\/kashinawa-rape\/","title":{"rendered":"Kashinawa Rap\u00e9"},"content":{"rendered":"<p><strong>Tako\u0111e poznat kao <\/strong><a href=\"https:\/\/curandero.love\/sr\/what-is-rapeh\/\">Rap\u00e9, Hap\u00e9, Indian Snuffs, Rome Poto.<\/a><br \/>\n<strong>Poreklo: <\/strong>Brasil<\/p>\n<p>Yurema Rap\u00e9 \u2013 dubinsko pro\u010di\u0161\u0107enje, fokus i unutra\u0161nja stabilnost <a href=\"https:\/\/curandero.love\/sr\/what-is-rapeh\/\">Rape<\/a> su tradicionalni i izra\u0111uju ih starosedeoci iz mnogih razli\u010ditih plemena. Svaki<a href=\"https:\/\/curandero.love\/sr\/what-is-rapeh\/\"> Rapea<\/a> sadr\u017ei Nicotiana rustica, pepeo, me\u0161avinu biljaka i jednu biljku koja tom rap\u00e9u daje njegovu specifi\u010dnu snagu <a href=\"https:\/\/curandero.love\/sr\/what-is-rapeh\/\">Rapea<\/a>.<\/p>\n<p><strong>Rap\u00e9 in the Kashinawa tribe is using for various purposes, such as relieving physical pain and headaches, cleaning the sinuses and relieving clogging. In addition, Kaxinawa uses Rap\u00e9 for mental healing what allows us to be more present in here and now, mainly in conjunction with chanting. Rap\u00e9 connects the tribe with the jungle spirits and &#8211; depending on the exact ingredients &#8211; can heal, increase concentration, improve hunting or be a spiritual link.<\/strong><\/p>\n<p><strong>U vezi <a href=\"https:\/\/curandero.love\/sr\/kaxinawa\/\">Kaxinaw\u00e1<\/a> plemena : <\/strong><\/p>\n<p>Pripadnoici plemena <a href=\"https:\/\/curandero.love\/sr\/kaxinawa\/\">Kash<\/a><a href=\"https:\/\/curandero.love\/sr\/kaxinawa\/\">inaw\u00e1<\/a> people (<a href=\"https:\/\/curandero.love\/sr\/kaxinawa\/\">Huni Kuin<\/a>) are indigenous people of Brazil and Peru. The <a href=\"https:\/\/curandero.love\/sr\/kaxinawa\/\">Kashinaw\u00e1<\/a> are also known as the Cashinau\u00e1, Caxinau\u00e1. This name come from Kaxi or \u201cbat\u201d and Nawa meaning people but\u00a0may also mean people who walk about at night. Their autonym is <a href=\"https:\/\/curandero.love\/sr\/kaxinawa\/\">Huni Kuin<\/a> or \u201creal men\u201d or \u201ctrue people\u201d, from huni, \u201cman\u201d, and kuin meaning \u201creal\u201d or \u201ctrue\u201d. Their language belongs to the Pano linguistic family, which they call hatxa-Kuin (true language). The population is approximately 4,000 people. The <a href=\"https:\/\/curandero.love\/sr\/kaxinawa\/\">Kashinawa<\/a> account for 42% of the indigenous population of Acre state in Western Brazil.<\/p>\n<p><strong>Zanimljivo \u0161tivo:<\/strong><\/p>\n<p>Da li \u017eelite da saznate vi\u0161e o amazonskim autohtonim plemenima ili kulturama drugih plemena \u0161irom sveta? Pogledajte <a href=\"https:\/\/curandero.love\/sr\/blog\/\" target=\"_blank\" rel=\"noreferrer noopener\" data-type=\"URL\" data-id=\"https:\/\/curandero.love\/blog\/\">Blog<\/a><\/p>","protected":false},"excerpt":{"rendered":"<p>Also know as: Rap\u00e9, Hap\u00e9, Indian Snuffs, Rome Poto. Origin: Brasil All our Rap\u00e9s are traditional and made by indigenous people from the many different tribes. Each rap\u00e9 is sustainably [&hellip;]<\/p>\n","protected":false},"featured_media":344,"comment_status":"open","ping_status":"closed","template":"","meta":{"site-sidebar-layout":"default","site-content-layout":"default","ast-site-content-layout":"default","site-content-style":"default","site-sidebar-style":"default","ast-global-header-display":"","ast-banner-title-visibility":"","ast-main-header-display":"","ast-hfb-above-header-display":"","ast-hfb-below-header-display":"","ast-hfb-mobile-header-display":"","site-post-title":"","ast-breadcrumbs-content":"","ast-featured-img":"","footer-sml-layout":"","ast-disable-related-posts":"","theme-transparent-header-meta":"default","adv-header-id-meta":"","stick-header-meta":"","header-above-stick-meta":"","header-main-stick-meta":"","header-below-stick-meta":"","astra-migrate-meta-layouts":"set","ast-page-background-enabled":"default","ast-page-background-meta":{"desktop":{"background-color":"","background-image":"","background-repeat":"repeat","background-position":"center center","background-size":"auto","background-attachment":"scroll","background-type":"","background-media":"","overlay-type":"","overlay-color":"","overlay-opacity":"","overlay-gradient":""},"tablet":{"background-color":"","background-image":"","background-repeat":"repeat","background-position":"center center","background-size":"auto","background-attachment":"scroll","background-type":"","background-media":"","overlay-type":"","overlay-color":"","overlay-opacity":"","overlay-gradient":""},"mobile":{"background-color":"","background-image":"","background-repeat":"repeat","background-position":"center center","background-size":"auto","background-attachment":"scroll","background-type":"","background-media":"","overlay-type":"","overlay-color":"","overlay-opacity":"","overlay-gradient":""}},"ast-content-background-meta":{"desktop":{"background-color":"var(--ast-global-color-5)","background-image":"","background-repeat":"repeat","background-position":"center center","background-size":"auto","background-attachment":"scroll","background-type":"","background-media":"","overlay-type":"","overlay-color":"","overlay-opacity":"","overlay-gradient":""},"tablet":{"background-color":"var(--ast-global-color-5)","background-image":"","background-repeat":"repeat","background-position":"center center","background-size":"auto","background-attachment":"scroll","background-type":"","background-media":"","overlay-type":"","overlay-color":"","overlay-opacity":"","overlay-gradient":""},"mobile":{"background-color":"var(--ast-global-color-5)","background-image":"","background-repeat":"repeat","background-position":"center center","background-size":"auto","background-attachment":"scroll","background-type":"","background-media":"","overlay-type":"","overlay-color":"","overlay-opacity":"","overlay-gradient":""}}},"product_brand":[],"product_cat":[30],"product_tag":[],"class_list":{"0":"post-139","1":"product","2":"type-product","3":"status-publish","4":"has-post-thumbnail","6":"product_cat-rape","7":"desktop-align-right","8":"tablet-align-left","9":"mobile-align-left","11":"first","12":"instock","13":"taxable","14":"shipping-taxable","15":"purchasable","16":"product-type-variable","17":"has-default-attributes"},"aioseo_notices":[],"jetpack_sharing_enabled":true,"_links":{"self":[{"href":"https:\/\/curandero.love\/sr\/wp-json\/wp\/v2\/product\/139","targetHints":{"allow":["GET"]}}],"collection":[{"href":"https:\/\/curandero.love\/sr\/wp-json\/wp\/v2\/product"}],"about":[{"href":"https:\/\/curandero.love\/sr\/wp-json\/wp\/v2\/types\/product"}],"replies":[{"embeddable":true,"href":"https:\/\/curandero.love\/sr\/wp-json\/wp\/v2\/comments?post=139"}],"version-history":[{"count":5,"href":"https:\/\/curandero.love\/sr\/wp-json\/wp\/v2\/product\/139\/revisions"}],"predecessor-version":[{"id":6792,"href":"https:\/\/curandero.love\/sr\/wp-json\/wp\/v2\/product\/139\/revisions\/6792"}],"wp:featuredmedia":[{"embeddable":true,"href":"https:\/\/curandero.love\/sr\/wp-json\/wp\/v2\/media\/344"}],"wp:attachment":[{"href":"https:\/\/curandero.love\/sr\/wp-json\/wp\/v2\/media?parent=139"}],"wp:term":[{"taxonomy":"product_brand","embeddable":true,"href":"https:\/\/curandero.love\/sr\/wp-json\/wp\/v2\/product_brand?post=139"},{"taxonomy":"product_cat","embeddable":true,"href":"https:\/\/curandero.love\/sr\/wp-json\/wp\/v2\/product_cat?post=139"},{"taxonomy":"product_tag","embeddable":true,"href":"https:\/\/curandero.love\/sr\/wp-json\/wp\/v2\/product_tag?post=139"}],"curies":[{"name":"wp","href":"https:\/\/api.w.org\/{rel}","templated":true}]}}