{"id":3031,"date":"2023-04-04T14:43:29","date_gmt":"2023-04-04T14:43:29","guid":{"rendered":"https:\/\/curandero.love\/?post_type=product&#038;p=3031"},"modified":"2026-04-16T20:08:15","modified_gmt":"2026-04-16T18:08:15","slug":"cumaru-rape","status":"publish","type":"product","link":"https:\/\/curandero.love\/sr\/\u043f\u0440\u043e\u0438\u0437\u0432\u043e\u0434\/cumaru-rape\/","title":{"rendered":"Cumaru Rap\u00e9"},"content":{"rendered":"<p><strong>Tako\u0111e poznat kao <\/strong><a href=\"https:\/\/curandero.love\/sr\/what-is-rapeh\/\">Rap\u00e9, Hap\u00e9, Indian Snuffs, Rome Poto.<\/a><br \/>\n<strong>Poreklo: <\/strong>Brasil<\/p>\n<p>Yurema Rap\u00e9 \u2013 dubinsko pro\u010di\u0161\u0107enje, fokus i unutra\u0161nja stabilnost <a href=\"https:\/\/curandero.love\/sr\/what-is-rapeh\/\">Rape<\/a> su tradicionalni i izra\u0111uju ih starosedeoci iz mnogih razli\u010ditih plemena. Svaki<a href=\"https:\/\/curandero.love\/sr\/what-is-rapeh\/\"> Rapea<\/a> sadr\u017ei Nicotiana rustica, pepeo, me\u0161avinu biljaka i jednu biljku koja tom rap\u00e9u daje njegovu specifi\u010dnu snagu <a href=\"https:\/\/curandero.love\/sr\/what-is-rapeh\/\">Rapea<\/a>.<\/p>\n<p class=\"p1\"><b>Puyanawa Rap\u00e9 Cumaru<span class=\"Apple-converted-space\"> \u2013 <\/span><\/b><b>Smiruje um \/ budi Ekstrafizi\u010dku svest<span class=\"Apple-converted-space\">\u00a0<\/span><\/b><\/p>\n<p class=\"p3\">Cumaru Rap\u00e9 koriste nekoliko plemena u oblasti Akre i aktivira <b>Krunsku \u010cakru i Tre\u0107e Oko<\/b>, smiruju\u0107i um i otvaraju\u0107i ekstrafizi\u010dka \u010dula.<\/p>\n<p class=\"p3\">Zbog lekovitih svojstava drveta, koristi se u duhovnim i isceliteljskim ritualima kako bi pomogao u le\u010denju respiratornih problema.<\/p>\n<p class=\"p3\">Odli\u010dan Rap\u00e9 za duhovno \u010di\u0161\u0107enje, za uklanjanje opsesora. Pored podsticanja dobrobiti i opu\u0161tanja, cumaru ubla\u017eava mi\u0161i\u0107ni bol i poma\u017ee u ose\u0107aju mira i unutra\u0161nje ti\u0161ine, veoma cenjen me\u0111u istra\u017eiva\u010dima nauka koje se smatraju \u201eskrivenim\u201c, meditatorima i ljudima koji vole da upoznaju sebe kroz kontemplativne procese.<span class=\"Apple-converted-space\">\u00a0<\/span><\/p>\n<p class=\"p3\">Deluje na mentalnom polju tako \u0161to \u010disti, detoksikuje, razbistrava i uskla\u0111uje misli, donose\u0107i povezivanje sa srcem. Poma\u017ee \u0161irenju vizije, donosi nove perspektive u \u017eivot i pove\u0107ava sposobnost svakog pojedinca da upravlja svojim centrom. Djeluje na strukturu vi\u0161ih \u010dakri i podsti\u010de harmoni\u010dnu unutra\u0161nju strukturu koja prirodno olak\u0161ava povezivanje kosmi\u010dkih energija sa intuicijom i voljom. Preporu\u010duje se u trenucima konfuzije i mentalnog umora, i poma\u017ee koncentraciji i pam\u0107enju.<span class=\"Apple-converted-space\">\u00a0<\/span><\/p>\n<p class=\"p3\">Odli\u010dno za uskla\u0111ivanje \u010dakri i veoma je energetski Rap\u00e9.<\/p>\n<p class=\"p3\">Cumaru je autohtona amazonska biljka, ima antiastmati\u010dka, antispazmodi\u010dna i diaforeti\u010dka svojstva (podsticanje znojenja \u0161to doprinosi detoksikaciji tela), protivupalna, analgetska (za reumu i glavobolju), tako\u0111e je bronhodilatator i olak\u0161ava zagu\u0161enje plu\u0107a u slu\u010dajevima gripa, astme i bronhitisa.<\/p>\n<p>&nbsp;<\/p>\n<p><strong>Zanimljivo \u0161tivo:<\/strong><\/p>\n<p>Da li \u017eelite da saznate vi\u0161e o amazonskim autohtonim plemenima ili kulturama drugih plemena \u0161irom sveta? Pogledajte <a href=\"https:\/\/curandero.love\/sr\/blog\/\" target=\"_blank\" rel=\"noreferrer noopener\" data-type=\"URL\" data-id=\"https:\/\/curandero.love\/blog\/\">Blog<\/a><\/p>","protected":false},"excerpt":{"rendered":"<p>Also know as: Rap\u00e9, Hap\u00e9, Indian Snuffs, Rome Poto. Origin: Brasil All our Rap\u00e9s are traditional and made by indigenous people from many different tribes. Each rap\u00e9 is sustainably produced [&hellip;]<\/p>\n","protected":false},"featured_media":4856,"comment_status":"open","ping_status":"closed","template":"","meta":{"site-sidebar-layout":"default","site-content-layout":"default","ast-site-content-layout":"default","site-content-style":"default","site-sidebar-style":"default","ast-global-header-display":"","ast-banner-title-visibility":"","ast-main-header-display":"","ast-hfb-above-header-display":"","ast-hfb-below-header-display":"","ast-hfb-mobile-header-display":"","site-post-title":"","ast-breadcrumbs-content":"","ast-featured-img":"","footer-sml-layout":"","ast-disable-related-posts":"","theme-transparent-header-meta":"default","adv-header-id-meta":"","stick-header-meta":"","header-above-stick-meta":"","header-main-stick-meta":"","header-below-stick-meta":"","astra-migrate-meta-layouts":"set","ast-page-background-enabled":"default","ast-page-background-meta":{"desktop":{"background-color":"","background-image":"","background-repeat":"repeat","background-position":"center center","background-size":"auto","background-attachment":"scroll","background-type":"","background-media":"","overlay-type":"","overlay-color":"","overlay-opacity":"","overlay-gradient":""},"tablet":{"background-color":"","background-image":"","background-repeat":"repeat","background-position":"center center","background-size":"auto","background-attachment":"scroll","background-type":"","background-media":"","overlay-type":"","overlay-color":"","overlay-opacity":"","overlay-gradient":""},"mobile":{"background-color":"","background-image":"","background-repeat":"repeat","background-position":"center center","background-size":"auto","background-attachment":"scroll","background-type":"","background-media":"","overlay-type":"","overlay-color":"","overlay-opacity":"","overlay-gradient":""}},"ast-content-background-meta":{"desktop":{"background-color":"var(--ast-global-color-5)","background-image":"","background-repeat":"repeat","background-position":"center center","background-size":"auto","background-attachment":"scroll","background-type":"","background-media":"","overlay-type":"","overlay-color":"","overlay-opacity":"","overlay-gradient":""},"tablet":{"background-color":"var(--ast-global-color-5)","background-image":"","background-repeat":"repeat","background-position":"center center","background-size":"auto","background-attachment":"scroll","background-type":"","background-media":"","overlay-type":"","overlay-color":"","overlay-opacity":"","overlay-gradient":""},"mobile":{"background-color":"var(--ast-global-color-5)","background-image":"","background-repeat":"repeat","background-position":"center center","background-size":"auto","background-attachment":"scroll","background-type":"","background-media":"","overlay-type":"","overlay-color":"","overlay-opacity":"","overlay-gradient":""}}},"product_brand":[],"product_cat":[30],"product_tag":[],"class_list":{"0":"post-3031","1":"product","2":"type-product","3":"status-publish","4":"has-post-thumbnail","6":"product_cat-rape","7":"desktop-align-right","8":"tablet-align-left","9":"mobile-align-left","11":"first","12":"instock","13":"taxable","14":"shipping-taxable","15":"purchasable","16":"product-type-variable"},"aioseo_notices":[],"jetpack_sharing_enabled":true,"_links":{"self":[{"href":"https:\/\/curandero.love\/sr\/wp-json\/wp\/v2\/product\/3031","targetHints":{"allow":["GET"]}}],"collection":[{"href":"https:\/\/curandero.love\/sr\/wp-json\/wp\/v2\/product"}],"about":[{"href":"https:\/\/curandero.love\/sr\/wp-json\/wp\/v2\/types\/product"}],"replies":[{"embeddable":true,"href":"https:\/\/curandero.love\/sr\/wp-json\/wp\/v2\/comments?post=3031"}],"version-history":[{"count":2,"href":"https:\/\/curandero.love\/sr\/wp-json\/wp\/v2\/product\/3031\/revisions"}],"predecessor-version":[{"id":3871,"href":"https:\/\/curandero.love\/sr\/wp-json\/wp\/v2\/product\/3031\/revisions\/3871"}],"wp:featuredmedia":[{"embeddable":true,"href":"https:\/\/curandero.love\/sr\/wp-json\/wp\/v2\/media\/4856"}],"wp:attachment":[{"href":"https:\/\/curandero.love\/sr\/wp-json\/wp\/v2\/media?parent=3031"}],"wp:term":[{"taxonomy":"product_brand","embeddable":true,"href":"https:\/\/curandero.love\/sr\/wp-json\/wp\/v2\/product_brand?post=3031"},{"taxonomy":"product_cat","embeddable":true,"href":"https:\/\/curandero.love\/sr\/wp-json\/wp\/v2\/product_cat?post=3031"},{"taxonomy":"product_tag","embeddable":true,"href":"https:\/\/curandero.love\/sr\/wp-json\/wp\/v2\/product_tag?post=3031"}],"curies":[{"name":"wp","href":"https:\/\/api.w.org\/{rel}","templated":true}]}}