{"id":7067,"date":"2025-07-23T15:46:37","date_gmt":"2025-07-23T15:46:37","guid":{"rendered":"https:\/\/curandero.love\/?post_type=product&#038;p=7067"},"modified":"2026-02-12T18:08:41","modified_gmt":"2026-02-12T17:08:41","slug":"angico-rape","status":"publish","type":"product","link":"https:\/\/curandero.love\/sr\/\u043f\u0440\u043e\u0438\u0437\u0432\u043e\u0434\/angico-rape\/","title":{"rendered":"Angico Rap\u00e9"},"content":{"rendered":"<p><strong>Also know as: <\/strong><a href=\"https:\/\/curandero.love\/what-is-rapeh\/\">Rap\u00e9, Hap\u00e9, Indian Snuffs, Rome Poto.<\/a><br \/>\n<strong>Origin: <\/strong>Brasil<\/p>\n<p><strong data-start=\"42\" data-end=\"57\">Angico Rap\u00e9<\/strong> (also written <em data-start=\"72\" data-end=\"85\">Angico Hap\u00e9<\/em>) is a traditional Amazonian snuff made from the bark and ash of the <strong data-start=\"154\" data-end=\"173\">Red Angico Tree<\/strong> (<em data-start=\"175\" data-end=\"200\">Anadenanthera colubrina<\/em>,<\/p>\n<ul>\n<li data-start=\"1005\" data-end=\"1089\">\n<p data-start=\"1007\" data-end=\"1089\"><span class=\"relative -mx-px my-[-0.2rem] rounded px-px py-[0.2rem] transition-colors duration-100 ease-in-out\">The Angico tree itself is known in folk medicine for treating <strong data-start=\"62\" data-end=\"86\">respiratory ailments<\/strong>, <strong data-start=\"88\" data-end=\"104\">inflammation<\/strong>, and <strong data-start=\"110\" data-end=\"130\" data-is-last-node=\"\">digestive issues.\u00a0<\/strong><\/span><\/p>\n<\/li>\n<li data-start=\"1090\" data-end=\"1172\">\n<p data-start=\"1092\" data-end=\"1172\"><span class=\"relative -mx-px my-[-0.2rem] rounded px-px py-[0.2rem] bg-[#FCECC1] dark:bg-[#64572A] transition-colors duration-100 ease-in-out\">As a snuff, it combines these properties with the <strong data-start=\"50\" data-end=\"81\">clearing, energetic effects<\/strong> of tobacco ash, aimed at both physical and spiritual wellness<\/span><\/p>\n<\/li>\n<\/ul>\n<p>sometimes also called <em data-start=\"224\" data-end=\"247\">Parapiptadenia rigida<\/em>) combined with ashes of wild tobacco (<em data-start=\"286\" data-end=\"305\">Nicotiana rustica<\/em>)<\/p>\n<p>Immerse yourself in the profound wisdom of Rap\u00e9 Angico, a sacred blend crafted from the powerful Red Angico Tree. Esteemed by Amazonian healers, this Rap\u00e9 offers a deep connection to ancestral knowledge and aids in respiratory clarity, making it an essential part of spiritual and healing rituals.<\/p>\n<p>All our <a href=\"https:\/\/curandero.love\/what-is-rapeh\/\">Rap\u00e9s<\/a> are traditional and made by indigenous people from the many different tribes. Each<a href=\"https:\/\/curandero.love\/what-is-rapeh\/\"> rap\u00e9<\/a> is sustainably produced by the tribes with the wisdom of their elders. All rap\u00e9s contain Nicotina Rustica,\u00a0ashes, a mix of plants and one plant that gives the specific power to that <a href=\"https:\/\/curandero.love\/what-is-rapeh\/\">rap\u00e9<\/a>.<\/p>\n<ul class=\"i8Z77e\">\n<li class=\"TrT0Xe\">Yurema preta is also called a tree of skin. That is because it has numerous skin benefits. &#8230;<\/li>\n<\/ul>\n<p><strong>Interesting Read:<\/strong><\/p>\n<p>Would you like to know more about the Amazon indigenous tribes or other tribes cultures around the world? Have a look at <a href=\"https:\/\/curandero.love\/blog\/\" target=\"_blank\" rel=\"noreferrer noopener\" data-type=\"URL\" data-id=\"https:\/\/curandero.love\/blog\/\">Blog<\/a><\/p>\n","protected":false},"excerpt":{"rendered":"<p>Also know as: Rap\u00e9, Hap\u00e9, Indian Snuffs, Rome Poto. Origin: Brasil Angico Rap\u00e9 (also written Angico Hap\u00e9) is a traditional Amazonian snuff made from the bark and ash of the [&hellip;]<\/p>\n","protected":false},"featured_media":3023,"comment_status":"open","ping_status":"closed","template":"","meta":{"site-sidebar-layout":"default","site-content-layout":"default","ast-site-content-layout":"default","site-content-style":"default","site-sidebar-style":"default","ast-global-header-display":"","ast-banner-title-visibility":"","ast-main-header-display":"","ast-hfb-above-header-display":"","ast-hfb-below-header-display":"","ast-hfb-mobile-header-display":"","site-post-title":"","ast-breadcrumbs-content":"","ast-featured-img":"","footer-sml-layout":"","ast-disable-related-posts":"","theme-transparent-header-meta":"default","adv-header-id-meta":"","stick-header-meta":"","header-above-stick-meta":"","header-main-stick-meta":"","header-below-stick-meta":"","astra-migrate-meta-layouts":"set","ast-page-background-enabled":"default","ast-page-background-meta":{"desktop":{"background-color":"","background-image":"","background-repeat":"repeat","background-position":"center center","background-size":"auto","background-attachment":"scroll","background-type":"","background-media":"","overlay-type":"","overlay-color":"","overlay-opacity":"","overlay-gradient":""},"tablet":{"background-color":"","background-image":"","background-repeat":"repeat","background-position":"center center","background-size":"auto","background-attachment":"scroll","background-type":"","background-media":"","overlay-type":"","overlay-color":"","overlay-opacity":"","overlay-gradient":""},"mobile":{"background-color":"","background-image":"","background-repeat":"repeat","background-position":"center center","background-size":"auto","background-attachment":"scroll","background-type":"","background-media":"","overlay-type":"","overlay-color":"","overlay-opacity":"","overlay-gradient":""}},"ast-content-background-meta":{"desktop":{"background-color":"var(--ast-global-color-5)","background-image":"","background-repeat":"repeat","background-position":"center center","background-size":"auto","background-attachment":"scroll","background-type":"","background-media":"","overlay-type":"","overlay-color":"","overlay-opacity":"","overlay-gradient":""},"tablet":{"background-color":"var(--ast-global-color-5)","background-image":"","background-repeat":"repeat","background-position":"center center","background-size":"auto","background-attachment":"scroll","background-type":"","background-media":"","overlay-type":"","overlay-color":"","overlay-opacity":"","overlay-gradient":""},"mobile":{"background-color":"var(--ast-global-color-5)","background-image":"","background-repeat":"repeat","background-position":"center center","background-size":"auto","background-attachment":"scroll","background-type":"","background-media":"","overlay-type":"","overlay-color":"","overlay-opacity":"","overlay-gradient":""}}},"product_brand":[],"product_cat":[30],"product_tag":[],"class_list":{"0":"post-7067","1":"product","2":"type-product","3":"status-publish","4":"has-post-thumbnail","6":"product_cat-rape","7":"desktop-align-right","8":"tablet-align-left","9":"mobile-align-left","11":"first","12":"outofstock","13":"taxable","14":"shipping-taxable","15":"purchasable","16":"product-type-variable"},"aioseo_notices":[],"jetpack_sharing_enabled":true,"_links":{"self":[{"href":"https:\/\/curandero.love\/sr\/wp-json\/wp\/v2\/product\/7067","targetHints":{"allow":["GET"]}}],"collection":[{"href":"https:\/\/curandero.love\/sr\/wp-json\/wp\/v2\/product"}],"about":[{"href":"https:\/\/curandero.love\/sr\/wp-json\/wp\/v2\/types\/product"}],"replies":[{"embeddable":true,"href":"https:\/\/curandero.love\/sr\/wp-json\/wp\/v2\/comments?post=7067"}],"version-history":[{"count":1,"href":"https:\/\/curandero.love\/sr\/wp-json\/wp\/v2\/product\/7067\/revisions"}],"predecessor-version":[{"id":7071,"href":"https:\/\/curandero.love\/sr\/wp-json\/wp\/v2\/product\/7067\/revisions\/7071"}],"wp:featuredmedia":[{"embeddable":true,"href":"https:\/\/curandero.love\/sr\/wp-json\/wp\/v2\/media\/3023"}],"wp:attachment":[{"href":"https:\/\/curandero.love\/sr\/wp-json\/wp\/v2\/media?parent=7067"}],"wp:term":[{"taxonomy":"product_brand","embeddable":true,"href":"https:\/\/curandero.love\/sr\/wp-json\/wp\/v2\/product_brand?post=7067"},{"taxonomy":"product_cat","embeddable":true,"href":"https:\/\/curandero.love\/sr\/wp-json\/wp\/v2\/product_cat?post=7067"},{"taxonomy":"product_tag","embeddable":true,"href":"https:\/\/curandero.love\/sr\/wp-json\/wp\/v2\/product_tag?post=7067"}],"curies":[{"name":"wp","href":"https:\/\/api.w.org\/{rel}","templated":true}]}}