{"id":7338,"date":"2025-10-31T17:17:11","date_gmt":"2025-10-31T17:17:11","guid":{"rendered":"https:\/\/curandero.love\/?post_type=product&#038;p=7338"},"modified":"2026-04-05T16:57:02","modified_gmt":"2026-04-05T14:57:02","slug":"cacao-ceremonia","status":"publish","type":"product","link":"https:\/\/curandero.love\/sr\/\u043f\u0440\u043e\u0438\u0437\u0432\u043e\u0434\/cacao-ceremonia\/","title":{"rendered":"Kakao Ceremonija Organnski ceremonijalni kakao"},"content":{"rendered":"<p><strong>Latinsko ime <\/strong><i><a href=\"https:\/\/curandero.love\/sr\/kakao-krv-dzungle\/\">Theobroma cacao \u201cArriba forestero\u201d<\/a><br \/>\n<\/i><\/p>\n<p><strong>Origin: Ekvador <i>\u00a0<\/i><\/strong><em><br \/>\n<\/em><\/p>\n<div id=\"yui_3_17_2_1_1656703088080_106\" class=\"Site loaded\" data-nc-base=\"header\" data-controller=\"AncillaryLayout\" data-controllers-bound=\"AncillaryLayout\">\n<div id=\"yui_3_17_2_1_1656703088080_105\" class=\"Site-inner\">\n<div id=\"yui_3_17_2_1_1656703088080_104\" class=\"Content-outer\">\n<section id=\"yui_3_17_2_1_1656703088080_102\" class=\"Main-content\" data-content-field=\"main-content\">\n<div id=\"page-5a0f4f60ec212d543c6ab261\" class=\"sqs-layout sqs-grid-12 columns-12\" data-type=\"page\" data-updated-on=\"1620141558103\">\n<div id=\"yui_3_17_2_1_1656703088080_101\" class=\"row sqs-row\">\n<div id=\"yui_3_17_2_1_1656703088080_100\" class=\"col sqs-col-8 span-8\">\n<div id=\"yui_3_17_2_1_1656703088080_127\" class=\"row sqs-row\">\n<div id=\"yui_3_17_2_1_1656703088080_648\" class=\"col sqs-col-4 span-4\">\n<div id=\"block-yui_3_17_2_1_1562238447912_55477\" class=\"sqs-block html-block sqs-block-html\" data-block-type=\"2\">\n<div id=\"yui_3_17_2_1_1656703088080_647\" class=\"sqs-block-content\">\n<p id=\"yui_3_17_2_1_1656703088080_646\" class=\"\"><strong id=\"yui_3_17_2_1_1656703088080_645\">LJUBAVNI KAKAO: ORGANSKI KAKAO U TABLI (100g)<\/strong><\/p>\n<p class=\"\"><a href=\"https:\/\/curandero.love\/sr\/kakao-krv-dzungle\/\">Kakao<\/a> brings natural stress relief because it contains potassium, phosphorus, copper, iron, zinc, and magnesium which contribute to cardiovascular health. Cacao has the ability to trigger the release of dopamine and the endorphin; phenylethylamine, both of which soothe the symptoms of premenstrual syndrome and depression. Scientific research now confirms that chocolate helps to relieve emotional stress.<\/p>\n<p class=\"\">\u010cesto se postavlja pitanje: Koji kakao je najbolji? ICCO (me\u0111unarodno udru\u017eenje) kategorizuje najbolje vrste kao '<a href=\"https:\/\/www.icco.org\/fine-or-flavor-cocoa\/\" target=\"_self\">fino de aroma<\/a>' \u2014 \u0161to \u010dini samo 5-8% svetske proizvodnje. Nehibridizovan <a href=\"https:\/\/domori.com\/en\/content\/19-criollo\" target=\"_self\">Criollo<\/a> je redak primerak ove kategorije, sa udelom od samo 0.01% globalne proizvodnje.<\/p>\n<p class=\"\">Ljubavni kakao je organski kakao kojem ni\u0161ta nije dodato i ni\u0161ta nije oduzeto. Na\u0161 strpljiv na\u010din proizvodnje \u010duva sve esencijalno u njemu, ostaje samo termicki ne obradjen sirov kakao. Na zalost, industrijski kakao prolazi kroz agresivnu obradu koja uni\u0161tava sastojke koje \u010dine esenciju kakaa i vecina ljudi nikad ni ne upozna kakao biljku.<\/p>\n<p><span class=\"hps\"><span id=\"result_box\" class=\"short_text\" lang=\"en\"><span dir=\"auto\"><span id=\"result_box\" lang=\"en\">\u00a0Sirovi kakao je bogat magnezijumom (476mg\/100g), gvo\u017e\u0111em (16mg\/100g), kalcijumom, cinkom, kalijumom, flavonoidima i antioksidansima. Sadr\u017ei triptofan (prekursor serotonina) i prirodna jedinjenja koja podr\u017eavaju raspolo\u017eenje, energiju i kardiovaskularno zdravlje \u2014 <a href=\"https:\/\/pubmed.ncbi.nlm.nih.gov\/35294962\/\" target=\"_self\">pubmed.org<\/a><\/span><\/span><\/span><\/span><\/p>\n<p class=\"\"><strong>ME\u0110U NAJBOLJIM I NAJREDJIM <a href=\"https:\/\/curandero.love\/sr\/kakao-krv-dzungle\/\" target=\"_self\">KAKOAIMA<\/a> NA SVETU<\/strong><\/p>\n<p class=\"\">Dok ogromne korporacije proizvedu milione tona Forastera (jeftini, industrijski kakao koji \u010dini 93.5% svjetske proizvodnje), u d\u017eunglama Perua se de\u0161ava ne\u0161to sasvim suprotno. Criollo kakao je prvi domestifikovani kakao na planeti a danas izumire zato \u0161to je uzgajanje te\u0161ko, skupo i nesplatljivo industrijskoj proizvodnji.<\/p>\n<\/div>\n<\/div>\n<\/div>\n<div id=\"yui_3_17_2_1_1656703088080_126\" class=\"col sqs-col-4 span-4\">\n<div id=\"block-yui_3_17_2_26_1511003143178_5854\" class=\"sqs-block html-block sqs-block-html\" data-block-type=\"2\">\n<div class=\"sqs-block-content\">\n<p class=\"\">Upravo tu po\u010dinje pri\u010da Ljubavnog Kakaa. U regiji Tarapoto, srcu amazonskog biodiverziteta i ceremonijalnog znanja, grupica domorodaca odr\u017eava kakao tradiciju. Kao sto se hiljadama godina koristio, skuplja se sa samoniklih stabla u prirodnom amazonskom stani\u0161tu.<\/p>\n<p class=\"\">Domorodci Quechua, koji \u017eive u tim regijama, \u010duvaju znanje o kakau. Od Quechua Chokolaterosa su primili strogo definisan proces: kakao nikada ne sme biti prokuvan jer bi to uni\u0161tilo ve\u0107inu dobrih stvari. Mleko se nikada ne dodaje jer razgra\u0111uje teobromin koji je jedan od klju\u010dnih aktivnih sastojaka. Uvek se ru\u010dno obra\u0111uje: fermentacija, su\u0161enje na suncu, roasting na niskoj temperaturi -sve kako se radilo vekovima. To cini da svaki blok Ljubavnog Kakao je mali \u010din prkosa industriskoj proizvodnji.<\/p>\n<p class=\"\">Criollo \u010dini manje od 0.01% globalne proizvodnje -icco.org. To nije marketing vec genetska \u010dinjenica. Kada koristite standardan kakao iz trgovine, vi konzumirate hibride, mje\u0161avine stvorene za brzinu i profit, ne za istinski ukus i zdravlje. Sada mo\u017eete popiti to \u0161to su mogli samo bogata\u0161i i kraljevi - \u010dist kakao nemodifikovan iz izvornog stani\u0161ta.<\/p>\n<\/div>\n<\/div>\n<div id=\"block-yui_3_17_2_26_1511003143178_7432\" class=\"sqs-block image-block sqs-block-image sqs-text-ready\" data-block-type=\"5\">\n<div id=\"yui_3_17_2_1_1656703088080_125\" class=\"sqs-block-content\">\n<div id=\"yui_3_17_2_1_1656703088080_124\" class=\"image-block-outer-wrapper layout-caption-below design-layout-inline combination-animation-none individual-animation-none individual-text-animation-none sqs-narrow-width\" data-test=\"image-block-inline-outer-wrapper\">\n<figure id=\"yui_3_17_2_1_1656703088080_123\" class=\"sqs-block-image-figure intrinsic\">\n<div id=\"yui_3_17_2_1_1656703088080_122\" class=\"image-block-wrapper\" data-animation-role=\"image\">\n<div id=\"yui_3_17_2_1_1656703088080_121\" class=\"sqs-image-shape-container-element has-aspect-ratio\"><\/div>\n<\/div>\n<\/figure>\n<\/div>\n<\/div>\n<\/div>\n<\/div>\n<\/div>\n<div id=\"block-yui_3_17_2_1_1562238447912_54903\" class=\"sqs-block horizontalrule-block sqs-block-horizontalrule\" data-block-type=\"47\">\n<div class=\"sqs-block-content\">\n<hr \/>\n<\/div>\n<\/div>\n<div id=\"block-yui_3_17_2_1_1562238447912_53560\" class=\"sqs-block quote-block sqs-block-quote null\" data-block-type=\"31\">\n<div class=\"sqs-block-content\">\n<figure class=\"block-animation-none\">\n<blockquote data-animation-role=\"quote\"><p>\u010cokolada je bo\u017eanski, nebeski napitak, znoj zvezda, vitalno seme, bo\u017eanski nektar, pi\u0107e bogova, panaceja i univerzalni lek.<\/p><\/blockquote>\n<\/figure>\n<\/div>\n<\/div>\n<\/div>\n<\/div>\n<\/div>\n<\/section>\n<\/div>\n<\/div>\n<\/div>","protected":false},"excerpt":{"rendered":"<p>Latin name: Theobroma cacao \u201cArriba forestero\u201d Origin: Ekvador \u00a0 PHYSICAL BENEFITS Cacao brings natural stress relief because it contains potassium, phosphorus, copper, iron, zinc, and magnesium which contribute to cardiovascular [&hellip;]<\/p>\n","protected":false},"featured_media":1097,"comment_status":"open","ping_status":"closed","template":"","meta":{"site-sidebar-layout":"default","site-content-layout":"","ast-site-content-layout":"default","site-content-style":"default","site-sidebar-style":"default","ast-global-header-display":"","ast-banner-title-visibility":"","ast-main-header-display":"","ast-hfb-above-header-display":"","ast-hfb-below-header-display":"","ast-hfb-mobile-header-display":"","site-post-title":"","ast-breadcrumbs-content":"","ast-featured-img":"","footer-sml-layout":"","ast-disable-related-posts":"","theme-transparent-header-meta":"default","adv-header-id-meta":"","stick-header-meta":"","header-above-stick-meta":"","header-main-stick-meta":"","header-below-stick-meta":"","astra-migrate-meta-layouts":"set","ast-page-background-enabled":"default","ast-page-background-meta":{"desktop":{"background-color":"","background-image":"","background-repeat":"repeat","background-position":"center center","background-size":"auto","background-attachment":"scroll","background-type":"","background-media":"","overlay-type":"","overlay-color":"","overlay-opacity":"","overlay-gradient":""},"tablet":{"background-color":"","background-image":"","background-repeat":"repeat","background-position":"center center","background-size":"auto","background-attachment":"scroll","background-type":"","background-media":"","overlay-type":"","overlay-color":"","overlay-opacity":"","overlay-gradient":""},"mobile":{"background-color":"","background-image":"","background-repeat":"repeat","background-position":"center center","background-size":"auto","background-attachment":"scroll","background-type":"","background-media":"","overlay-type":"","overlay-color":"","overlay-opacity":"","overlay-gradient":""}},"ast-content-background-meta":{"desktop":{"background-color":"var(--ast-global-color-5)","background-image":"","background-repeat":"repeat","background-position":"center center","background-size":"auto","background-attachment":"scroll","background-type":"","background-media":"","overlay-type":"","overlay-color":"","overlay-opacity":"","overlay-gradient":""},"tablet":{"background-color":"var(--ast-global-color-5)","background-image":"","background-repeat":"repeat","background-position":"center center","background-size":"auto","background-attachment":"scroll","background-type":"","background-media":"","overlay-type":"","overlay-color":"","overlay-opacity":"","overlay-gradient":""},"mobile":{"background-color":"var(--ast-global-color-5)","background-image":"","background-repeat":"repeat","background-position":"center center","background-size":"auto","background-attachment":"scroll","background-type":"","background-media":"","overlay-type":"","overlay-color":"","overlay-opacity":"","overlay-gradient":""}}},"product_brand":[],"product_cat":[17,108],"product_tag":[],"class_list":{"0":"post-7338","1":"product","2":"type-product","3":"status-publish","4":"has-post-thumbnail","6":"product_cat-herbs","7":"product_cat-cacao","8":"desktop-align-right","9":"tablet-align-left","10":"mobile-align-left","12":"first","13":"instock","14":"taxable","15":"shipping-taxable","16":"purchasable","17":"product-type-simple"},"aioseo_notices":[],"jetpack_sharing_enabled":true,"_links":{"self":[{"href":"https:\/\/curandero.love\/sr\/wp-json\/wp\/v2\/product\/7338","targetHints":{"allow":["GET"]}}],"collection":[{"href":"https:\/\/curandero.love\/sr\/wp-json\/wp\/v2\/product"}],"about":[{"href":"https:\/\/curandero.love\/sr\/wp-json\/wp\/v2\/types\/product"}],"replies":[{"embeddable":true,"href":"https:\/\/curandero.love\/sr\/wp-json\/wp\/v2\/comments?post=7338"}],"version-history":[{"count":4,"href":"https:\/\/curandero.love\/sr\/wp-json\/wp\/v2\/product\/7338\/revisions"}],"predecessor-version":[{"id":8972,"href":"https:\/\/curandero.love\/sr\/wp-json\/wp\/v2\/product\/7338\/revisions\/8972"}],"wp:featuredmedia":[{"embeddable":true,"href":"https:\/\/curandero.love\/sr\/wp-json\/wp\/v2\/media\/1097"}],"wp:attachment":[{"href":"https:\/\/curandero.love\/sr\/wp-json\/wp\/v2\/media?parent=7338"}],"wp:term":[{"taxonomy":"product_brand","embeddable":true,"href":"https:\/\/curandero.love\/sr\/wp-json\/wp\/v2\/product_brand?post=7338"},{"taxonomy":"product_cat","embeddable":true,"href":"https:\/\/curandero.love\/sr\/wp-json\/wp\/v2\/product_cat?post=7338"},{"taxonomy":"product_tag","embeddable":true,"href":"https:\/\/curandero.love\/sr\/wp-json\/wp\/v2\/product_tag?post=7338"}],"curies":[{"name":"wp","href":"https:\/\/api.w.org\/{rel}","templated":true}]}}