{"id":789,"date":"2022-04-22T17:07:09","date_gmt":"2022-04-22T17:07:09","guid":{"rendered":"http:\/\/ivan.jan-geselle.com\/?post_type=product&#038;p=789"},"modified":"2026-04-20T16:31:32","modified_gmt":"2026-04-20T14:31:32","slug":"angry-cocoa-ljuti-kakao-100g","status":"publish","type":"product","link":"https:\/\/curandero.love\/sr\/\u043f\u0440\u043e\u0438\u0437\u0432\u043e\u0434\/angry-cocoa-ljuti-kakao-100g\/","title":{"rendered":"Ljuti kakao Organski kakao 100g"},"content":{"rendered":"<p><strong>Ime proizvoda <i><a href=\"https:\/\/curandero.love\/sr\/ceremonial-cacao\/\"> Ljuti kakao Organskii kakao 100g<\/a><\/i><\/strong><\/p>\n<p><strong>Sastojci \u00a0 <\/strong><i><a href=\"https:\/\/curandero.love\/sr\/kakao-krv-dzungle\/\">Kakao<\/a> Sirovi organski kakao, kardamom, cimet, himalajska so, sve vrste bibera sveta (beli, crni, zeleni, indijski, dugi, roze, se\u010duanski), ljute papri\u010dice. <strong>(Beli, crni, zeleni, indijski dugi, roze, se\u010duanski), ljute paprike.\u00a0<\/strong><\/i><\/p>\n<p><strong>Latinsko ime <\/strong><i>Theobroma cacao \u201c<a href=\"https:\/\/curandero.love\/sr\/kakao-krv-dzungle\/\">Criollo Cacao<\/a>\u201d,Juniperus, Elettaria cardamomum,\u00a0<\/i><\/p>\n<p><strong>Poreklo: Peru<\/strong><em><br \/>\n<\/em><strong>\u00a0<\/strong><\/p>\n<h2 data-section-id=\"npqwrs\" data-start=\"123\" data-end=\"145\">Opis proizvoda<\/h2>\n<p data-start=\"147\" data-end=\"400\"><strong data-start=\"147\" data-end=\"181\">Ljuti kakao Organskii kakao 100g<\/strong> je premium sirovi kakao blend napravljen od <strong data-start=\"229\" data-end=\"264\">Criollo cacao (Theobroma cacao)<\/strong> poreklom iz <span class=\"hover:entity-accent entity-underline inline cursor-pointer align-baseline\"><span class=\"whitespace-normal\">Perua<\/span><\/span>, u kombinaciji sa pa\u017eljivo odabranim za\u010dinima za sna\u017ean, slojevit aromatski profil. \u2728<\/p>\n<p data-start=\"402\" data-end=\"670\">Formula sadr\u017ei <strong data-start=\"423\" data-end=\"444\">sirovi organski kakao<\/strong>, <strong data-start=\"446\" data-end=\"481\">kardamom  (Elettaria cardamomum)<\/strong>, <strong data-start=\"483\" data-end=\"495\">cimet<\/strong>, <strong data-start=\"497\" data-end=\"515\">himalajska so<\/strong>, kompleksan mix <strong data-start=\"534\" data-end=\"551\">svetskih bibera<\/strong> uklju\u010duju\u0107i beli, crni, zeleni, dugi biber, roze biber i Sichuan pepper, uz ljute paprike za dodatni intenzitet.<\/p>\n<p data-start=\"672\" data-end=\"892\">Sirovi kakao prirodno sadr\u017ei va\u017ene minerale kao \u0161to su magnezijum, kalijum, kalcijum, fosfor, bakar i cink, zajedno sa prirodno prisutnim <strong data-start=\"819\" data-end=\"834\">teobromin<\/strong> and <strong data-start=\"839\" data-end=\"851\">kofein<\/strong>,poznati po stimuli\u0161i\u0107im efektima.<\/p>\n<p data-start=\"894\" data-end=\"1083\">Kakao je posebno cenjen zbog prirodno prisutnih <strong data-start=\"947\" data-end=\"960\">flavanoida<\/strong>, <strong data-start=\"962\" data-end=\"977\">epikatehina<\/strong>, <strong data-start=\"983\" data-end=\"999\">procijanidina<\/strong> \u2014 bioaktivni sastojci povezani sa antioksidativnim delovanjem i podr\u0161kom cirkulacije.<\/p>\n<p data-start=\"1085\" data-end=\"1292\">Kardamom i cimet dodaju toplu aromatsku dubinu, dok Himalajska so balansira gor\u010dinu i poja\u010dava ukupnu slo\u017eenost ukusa. Me\u0161avina bibera stvara karakteristi\u010dan ljutkasti zavr\u0161etak i hrabar senzorski profil.<\/p>\n<p data-start=\"1294\" data-end=\"1379\">Pogodno za tople napitke, funkcionalne me\u0161avine, premium recepte i svakodnevne rituale sa kakaom.<\/p>\n<p data-start=\"1381\" data-end=\"1423\"><strong data-start=\"1381\" data-end=\"1423\">Organsko. Sirovo. Bez ve\u0161ta\u010dkih dodataka.<\/strong><\/p>","protected":false},"excerpt":{"rendered":"<p>Name of product: Angry cacao Organic Cacao 100g Ingredients: \u00a0 Cacao Raw Organic, Cardamon,\u00a0Cinnamon,\u00a0Himalayan\u00a0Salt, all peppers of the world (White, Black, Green, India long, Pink, Sechuan), hot pepper&#8217;s.\u00a0 Latin names: [&hellip;]<\/p>\n","protected":false},"featured_media":790,"comment_status":"open","ping_status":"closed","template":"","meta":{"site-sidebar-layout":"default","site-content-layout":"default","ast-site-content-layout":"default","site-content-style":"default","site-sidebar-style":"default","ast-global-header-display":"","ast-banner-title-visibility":"","ast-main-header-display":"","ast-hfb-above-header-display":"","ast-hfb-below-header-display":"","ast-hfb-mobile-header-display":"","site-post-title":"","ast-breadcrumbs-content":"","ast-featured-img":"","footer-sml-layout":"","ast-disable-related-posts":"","theme-transparent-header-meta":"default","adv-header-id-meta":"","stick-header-meta":"","header-above-stick-meta":"","header-main-stick-meta":"","header-below-stick-meta":"","astra-migrate-meta-layouts":"set","ast-page-background-enabled":"default","ast-page-background-meta":{"desktop":{"background-color":"","background-image":"","background-repeat":"repeat","background-position":"center center","background-size":"auto","background-attachment":"scroll","background-type":"","background-media":"","overlay-type":"","overlay-color":"","overlay-opacity":"","overlay-gradient":""},"tablet":{"background-color":"","background-image":"","background-repeat":"repeat","background-position":"center center","background-size":"auto","background-attachment":"scroll","background-type":"","background-media":"","overlay-type":"","overlay-color":"","overlay-opacity":"","overlay-gradient":""},"mobile":{"background-color":"","background-image":"","background-repeat":"repeat","background-position":"center center","background-size":"auto","background-attachment":"scroll","background-type":"","background-media":"","overlay-type":"","overlay-color":"","overlay-opacity":"","overlay-gradient":""}},"ast-content-background-meta":{"desktop":{"background-color":"var(--ast-global-color-5)","background-image":"","background-repeat":"repeat","background-position":"center center","background-size":"auto","background-attachment":"scroll","background-type":"","background-media":"","overlay-type":"","overlay-color":"","overlay-opacity":"","overlay-gradient":""},"tablet":{"background-color":"var(--ast-global-color-5)","background-image":"","background-repeat":"repeat","background-position":"center center","background-size":"auto","background-attachment":"scroll","background-type":"","background-media":"","overlay-type":"","overlay-color":"","overlay-opacity":"","overlay-gradient":""},"mobile":{"background-color":"var(--ast-global-color-5)","background-image":"","background-repeat":"repeat","background-position":"center center","background-size":"auto","background-attachment":"scroll","background-type":"","background-media":"","overlay-type":"","overlay-color":"","overlay-opacity":"","overlay-gradient":""}}},"product_brand":[],"product_cat":[17,108],"product_tag":[],"class_list":{"0":"post-789","1":"product","2":"type-product","3":"status-publish","4":"has-post-thumbnail","6":"product_cat-herbs","7":"product_cat-cacao","8":"desktop-align-right","9":"tablet-align-left","10":"mobile-align-left","12":"first","13":"instock","14":"taxable","15":"shipping-taxable","16":"purchasable","17":"product-type-variable"},"aioseo_notices":[],"jetpack_sharing_enabled":true,"_links":{"self":[{"href":"https:\/\/curandero.love\/sr\/wp-json\/wp\/v2\/product\/789","targetHints":{"allow":["GET"]}}],"collection":[{"href":"https:\/\/curandero.love\/sr\/wp-json\/wp\/v2\/product"}],"about":[{"href":"https:\/\/curandero.love\/sr\/wp-json\/wp\/v2\/types\/product"}],"replies":[{"embeddable":true,"href":"https:\/\/curandero.love\/sr\/wp-json\/wp\/v2\/comments?post=789"}],"version-history":[{"count":10,"href":"https:\/\/curandero.love\/sr\/wp-json\/wp\/v2\/product\/789\/revisions"}],"predecessor-version":[{"id":8924,"href":"https:\/\/curandero.love\/sr\/wp-json\/wp\/v2\/product\/789\/revisions\/8924"}],"wp:featuredmedia":[{"embeddable":true,"href":"https:\/\/curandero.love\/sr\/wp-json\/wp\/v2\/media\/790"}],"wp:attachment":[{"href":"https:\/\/curandero.love\/sr\/wp-json\/wp\/v2\/media?parent=789"}],"wp:term":[{"taxonomy":"product_brand","embeddable":true,"href":"https:\/\/curandero.love\/sr\/wp-json\/wp\/v2\/product_brand?post=789"},{"taxonomy":"product_cat","embeddable":true,"href":"https:\/\/curandero.love\/sr\/wp-json\/wp\/v2\/product_cat?post=789"},{"taxonomy":"product_tag","embeddable":true,"href":"https:\/\/curandero.love\/sr\/wp-json\/wp\/v2\/product_tag?post=789"}],"curies":[{"name":"wp","href":"https:\/\/api.w.org\/{rel}","templated":true}]}}