{"id":795,"date":"2022-04-22T17:23:55","date_gmt":"2022-04-22T17:23:55","guid":{"rendered":"http:\/\/ivan.jan-geselle.com\/?post_type=product&#038;p=795"},"modified":"2025-07-06T16:59:59","modified_gmt":"2025-07-06T16:59:59","slug":"sananga-10ml-eye-drops","status":"publish","type":"product","link":"https:\/\/curandero.love\/sr\/\u043f\u0440\u043e\u0438\u0437\u0432\u043e\u0434\/sananga-10ml-eye-drops\/","title":{"rendered":"Sananga \u2013  Kapi za o\u010di"},"content":{"rendered":"<p><strong>Latinsko ime <\/strong><em>Tabernaemontana sananho<\/em><strong><br \/>\nTako\u0111e poznat kao\u00a0<\/strong><em>Sananga, Sanango<\/em><\/p>\n<p><strong>Poreklo: <\/strong>Brasil<\/p>\n<h1>Sananga \u2013 \u00a0Eye Drops<\/h1>\n<p><a href=\"https:\/\/curandero.love\/sr\/sananga-dar-bozanske-majke-oci-amazona\/\">Sananga<\/a> Sananga je tradicionalna amazonska biljka-lek koju domoroda\u010dka plemena koriste generacijama. Kapljice za o\u010di od Sanange, prema izve\u0161tajima domoroda\u010dkih plemena, daju okolini ve\u0107u teksturu i dimenziju, olak\u0161avaju\u0107i uo\u010davanje \u017eivotinja tokom lova.<\/p>\n<p><strong>Effects<\/strong><\/p>\n<p><a href=\"https:\/\/curandero.love\/sr\/sananga-dar-bozanske-majke-oci-amazona\/\">Sananga<\/a> Ka\u017ee se da Sananga mo\u017ee detoksikovati telo, pove\u0107ati vidnu percepciju, resetovati energetsko polje i le\u010diti duhovne bolesti (poznate i kao \u201epanema\u201c) koje nastaju usled negativnih energija u telu. Sananga se \u010desto koristi kao priprema za isceliteljske ceremonije zbog svojih pro\u010di\u0161\u0107avaju\u0107ih svojstava i sposobnosti da pobolj\u0161a vidnu percepciju i intenzitet boja.<\/p>\n<p>When applied directly to the eye, Sananga eye drops engender an intense burning sensation that typically lasts for a few minutes. Experienced practitioners claim that the pain is an important part of the healing process. They advise breathing deeply into the discomfort in order to reap all of Sananga\u2019s benefits.<\/p>\n<p>Although Sananga eye drops are known for its effects on vision and visualisation, this remedy is considered an indigenous remedy for various purposes. The pure spirit of Sananga supports a deep cleansing of blocked energies on the emotional, physical and spiritual planes. Sananga is said to balance energies and raise frequencies and find the roots of diseases and blockages, leading to complete balance, focus and peace of mind. In addition, Sananga is known for increasing your spiritual vision and awareness and improving your ability to read the intentions of others.<\/p>\n<p><strong>Positive<\/strong>:<\/p>\n<ul>\n<li>Improves day and night vision<\/li>\n<li>Clearer, calmer mind<\/li>\n<li>Deep meditations<\/li>\n<li>Strengthens intuition<\/li>\n<li>Improves lucid dreaming and deeper sleep ( 1,5 hours before bedtime)<\/li>\n<li>Supports the paranormal abilities<\/li>\n<li>Stimulates stagnant energies<\/li>\n<li>Supports improvement of eyesight<\/li>\n<li>Calms a busy mind<\/li>\n<li>Supports concentration<\/li>\n<\/ul>\n<p><strong>Negative:<\/strong><\/p>\n<ul>\n<li>Burning and stinging sensation<\/li>\n<li>A restless or anxious feeling<\/li>\n<li>Reinforcement of suppressed emotions<\/li>\n<\/ul>\n<p>Warnings<br \/>\nNOT FOR INTERNAL USE!<\/p>\n<p>KEEP SANANGA COOL!<\/p>\n<h2><strong><em>**Warning: Sananga Eye Drops Use**<\/em><\/strong><\/h2>\n<p>&nbsp;<\/p>\n<h5><strong>Contra-indications<\/strong><\/h5>\n<h5>Never use Sananga with eye diseases such as detached retina, cataracts and other eye diseases! Sananga is not recommended in combination with medication aimed at the eyes.<\/h5>\n<h5><\/h5>\n<h5><strong><em>Please be advised that individuals with extremely high eye pressure and those with non-functioning tear ducts should refrain from using Sananga eye drops. There is a risk of potential eye damage or temporary\/permanent loss of vision. Always consult with your healthcare provider before initiating any use of this remedy. Your eye health is of utmost importance, and professional guidance is crucial to ensure safe and appropriate usage of Sananga eye drops.<\/em><\/strong><\/h5>\n<h5><\/h5>\n<p><strong><em>Disclaimer: <\/em><\/strong><\/p>\n<p><strong><em>Sananga is an indigenous remedy and does not replace Western treatment methods. In case of complaints or doubts about your health, always consult your treating physician or other medical specialist.<\/em><\/strong><\/p>\n<h4><\/h4>","protected":false},"excerpt":{"rendered":"<p>Latin name: Tabernaemontana sananho Also know as:\u00a0Sananga, Sanango Origin: Brasil Sananga \u2013 \u00a0Eye Drops Sananga is a traditional Amazonian plant medicines used by indigenous tribes for generations. Sananga eye drops [&hellip;]<\/p>\n","protected":false},"featured_media":792,"comment_status":"open","ping_status":"closed","template":"","meta":{"site-sidebar-layout":"default","site-content-layout":"default","ast-site-content-layout":"default","site-content-style":"default","site-sidebar-style":"default","ast-global-header-display":"","ast-banner-title-visibility":"","ast-main-header-display":"","ast-hfb-above-header-display":"","ast-hfb-below-header-display":"","ast-hfb-mobile-header-display":"","site-post-title":"","ast-breadcrumbs-content":"","ast-featured-img":"","footer-sml-layout":"","ast-disable-related-posts":"","theme-transparent-header-meta":"default","adv-header-id-meta":"","stick-header-meta":"","header-above-stick-meta":"","header-main-stick-meta":"","header-below-stick-meta":"","astra-migrate-meta-layouts":"set","ast-page-background-enabled":"default","ast-page-background-meta":{"desktop":{"background-color":"","background-image":"","background-repeat":"repeat","background-position":"center center","background-size":"auto","background-attachment":"scroll","background-type":"","background-media":"","overlay-type":"","overlay-color":"","overlay-opacity":"","overlay-gradient":""},"tablet":{"background-color":"","background-image":"","background-repeat":"repeat","background-position":"center center","background-size":"auto","background-attachment":"scroll","background-type":"","background-media":"","overlay-type":"","overlay-color":"","overlay-opacity":"","overlay-gradient":""},"mobile":{"background-color":"","background-image":"","background-repeat":"repeat","background-position":"center center","background-size":"auto","background-attachment":"scroll","background-type":"","background-media":"","overlay-type":"","overlay-color":"","overlay-opacity":"","overlay-gradient":""}},"ast-content-background-meta":{"desktop":{"background-color":"var(--ast-global-color-5)","background-image":"","background-repeat":"repeat","background-position":"center center","background-size":"auto","background-attachment":"scroll","background-type":"","background-media":"","overlay-type":"","overlay-color":"","overlay-opacity":"","overlay-gradient":""},"tablet":{"background-color":"var(--ast-global-color-5)","background-image":"","background-repeat":"repeat","background-position":"center center","background-size":"auto","background-attachment":"scroll","background-type":"","background-media":"","overlay-type":"","overlay-color":"","overlay-opacity":"","overlay-gradient":""},"mobile":{"background-color":"var(--ast-global-color-5)","background-image":"","background-repeat":"repeat","background-position":"center center","background-size":"auto","background-attachment":"scroll","background-type":"","background-media":"","overlay-type":"","overlay-color":"","overlay-opacity":"","overlay-gradient":""}}},"product_brand":[],"product_cat":[17],"product_tag":[],"class_list":{"0":"post-795","1":"product","2":"type-product","3":"status-publish","4":"has-post-thumbnail","6":"product_cat-herbs","7":"desktop-align-right","8":"tablet-align-left","9":"mobile-align-left","11":"first","12":"outofstock","13":"taxable","14":"shipping-taxable","15":"purchasable","16":"product-type-simple"},"aioseo_notices":[],"jetpack_sharing_enabled":true,"_links":{"self":[{"href":"https:\/\/curandero.love\/sr\/wp-json\/wp\/v2\/product\/795","targetHints":{"allow":["GET"]}}],"collection":[{"href":"https:\/\/curandero.love\/sr\/wp-json\/wp\/v2\/product"}],"about":[{"href":"https:\/\/curandero.love\/sr\/wp-json\/wp\/v2\/types\/product"}],"replies":[{"embeddable":true,"href":"https:\/\/curandero.love\/sr\/wp-json\/wp\/v2\/comments?post=795"}],"version-history":[{"count":6,"href":"https:\/\/curandero.love\/sr\/wp-json\/wp\/v2\/product\/795\/revisions"}],"predecessor-version":[{"id":4071,"href":"https:\/\/curandero.love\/sr\/wp-json\/wp\/v2\/product\/795\/revisions\/4071"}],"wp:featuredmedia":[{"embeddable":true,"href":"https:\/\/curandero.love\/sr\/wp-json\/wp\/v2\/media\/792"}],"wp:attachment":[{"href":"https:\/\/curandero.love\/sr\/wp-json\/wp\/v2\/media?parent=795"}],"wp:term":[{"taxonomy":"product_brand","embeddable":true,"href":"https:\/\/curandero.love\/sr\/wp-json\/wp\/v2\/product_brand?post=795"},{"taxonomy":"product_cat","embeddable":true,"href":"https:\/\/curandero.love\/sr\/wp-json\/wp\/v2\/product_cat?post=795"},{"taxonomy":"product_tag","embeddable":true,"href":"https:\/\/curandero.love\/sr\/wp-json\/wp\/v2\/product_tag?post=795"}],"curies":[{"name":"wp","href":"https:\/\/api.w.org\/{rel}","templated":true}]}}