{"id":8494,"date":"2026-01-29T16:39:24","date_gmt":"2026-01-29T16:39:24","guid":{"rendered":"https:\/\/curandero.love\/?post_type=product&#038;p=8494"},"modified":"2026-03-06T22:11:03","modified_gmt":"2026-03-06T21:11:03","slug":"blue-matcha","status":"publish","type":"product","link":"https:\/\/curandero.love\/sr\/\u043f\u0440\u043e\u0438\u0437\u0432\u043e\u0434\/blue-matcha\/","title":{"rendered":"Plava Ma\u010da"},"content":{"rendered":"<p>&nbsp;<\/p>\n<h1>Plava Matcha Clitoria ternatea<\/h1>\n<p><strong>Latinsko ime <\/strong><em>Clitoria ternatea<br \/>\n<\/em><strong>Tako\u0111e poznat kao<\/strong><em> An\u010din, azijski golubov cvet, plavi zvon\u010di\u0107, plavi gra\u0161ak, leptir-gra\u0161ak, kordofanski gra\u0161ak, Darvinov gra\u0161ak, Plavi \u010daj<br \/>\n<\/em><\/p>\n<p><strong>Poreklo:<\/strong> Tajland<\/p>\n<p data-start=\"556\" data-end=\"822\"><strong data-start=\"556\" data-end=\"575\">Poreklo i izvor<\/strong><br data-start=\"575\" data-end=\"578\" \/>Plava Ma\u010da je <strong data-start=\"595\" data-end=\"669\">prah napravljen od osu\u0161enih i sitno mlevenih latica\u2026 <em data-start=\"648\" data-end=\"667\">Clitoria ternatea<\/em><\/strong>, penja\u010dice poreklom iz jugoisto\u010dne Azije. Cve\u0107e se bere, su\u0161i i melje u intenzivno plavi prah.<\/p>\n<p data-start=\"824\" data-end=\"1108\"><strong data-start=\"824\" data-end=\"850\">Boja i Ph Seenzitivnost<\/strong><br data-start=\"850\" data-end=\"853\" \/>O\u010daravaju\u0107i <strong data-start=\"866\" data-end=\"888\">prrirridni plavi agens<\/strong> nastaje zbog biljnih pigmenata antocijanina. Kada dodate kiseli sastojak poput soka od limuna, boja mo\u017ee da se promeni sa\u2026 <em data-start=\"1007\" data-end=\"1013\">plave<\/em> do <em data-start=\"1017\" data-end=\"1033\">ljubi\u010daste na ru\u017ei\u010dastu.<\/em> jer se pigmenati menjaju u zavisnosti od pH vrednosti.<\/p>\n<p data-start=\"1110\" data-end=\"1379\"><strong data-start=\"1110\" data-end=\"1127\">Profil Ukusa<\/strong><br data-start=\"1127\" data-end=\"1130\" \/>Ukus je ne\u017ean <strong data-start=\"1149\" data-end=\"1192\">blag, zemljani, sa blagim cvetnim ili biljnim notama<\/strong>\u2014znatno ne\u017eniji i manje gorak od zelene ma\u010de. Neki ga opisuju kao suptilan i gotovo neutralan, ponekad sa notama koje podse\u0107aju na edamame ili travu, neko \u010dak i pe\u010durke.<\/p>\n<p data-start=\"1381\" data-end=\"1632\"><strong data-start=\"1381\" data-end=\"1401\">Sadr\u017eaj Kofeina<\/strong><br data-start=\"1401\" data-end=\"1404\" \/>Za razliku od zelene ma\u010de, <strong data-start=\"1425\" data-end=\"1469\">Plava Ma\u010da je prirodna <em data-start=\"1452\" data-end=\"1467\">bez kofeina<\/em><\/strong>, tako da ne\u0107e stimulisati va\u0161 nervni sistem kao \u010daj ili kafa. Zbog toga je pogodan kao umiruju\u0107i napitak u bilo koje doba dana.<\/p>\n<p data-start=\"1634\" data-end=\"1972\"><strong data-start=\"1634\" data-end=\"1672\">Antioksidanti i bioaktivne supstance<\/strong><br data-start=\"1672\" data-end=\"1675\" \/>Plava Ma\u010da je bogata sa <strong data-start=\"1698\" data-end=\"1714\">antioksidantima<\/strong>, klasa antioksidanata koja poma\u017ee <em data-start=\"1750\" data-end=\"1776\">neutrali\u0161e slobodne radikale<\/em> nestabilne molekule koje mogu o\u0161tetiti \u0107elije. Ovi antioksidanti igraju ulogu u\u2026 <strong data-start=\"1855\" data-end=\"1899\">antiinflamatornim i za\u0161titnim efektima.<\/strong> i daju napitku njegovu plavu boju.<\/p>\n<p data-start=\"1974\" data-end=\"2074\"><strong data-start=\"1974\" data-end=\"2002\">Percipirani zdravstveni efekti<\/strong><br data-start=\"2002\" data-end=\"2005\" \/>U biljnim i tradicionalnim kontekstima, Plava ma\u010da se povezuje sa:<\/p>\n<ul data-start=\"2075\" data-end=\"2607\">\n<li data-start=\"2075\" data-end=\"2196\">\n<p data-start=\"2077\" data-end=\"2196\"><strong data-start=\"2077\" data-end=\"2106\">Opustaju\u0107i i umiruju\u0107i efekti<\/strong> i podr\u0161ku u smanjenju stresa bez izazivanja pospanosti.<\/p>\n<\/li>\n<li data-start=\"2197\" data-end=\"2331\">\n<p data-start=\"2199\" data-end=\"2331\"><strong data-start=\"2199\" data-end=\"2237\">Podr\u0161ka kognitivnim funkcijama i fokusiranju pam\u0107enja<\/strong> Tradicionalna upotreba ukazuje na povoljan uticaj na zdravlje mozga.<\/p>\n<\/li>\n<li data-start=\"2332\" data-end=\"2472\">\n<p data-start=\"2334\" data-end=\"2472\"><strong data-start=\"2334\" data-end=\"2389\">Potencijalna podr\u0161ka u antiinflamatornom i antioksidativnom delovanju<\/strong>, \u0161to mo\u017ee doprineti op\u0161tem blagostanju.<\/p>\n<\/li>\n<li data-start=\"2473\" data-end=\"2607\">\n<p data-start=\"2475\" data-end=\"2607\"><strong data-start=\"2475\" data-end=\"2500\">Podr\u0161ka digestivnom traktu<\/strong> i blago umirenje creva (pominjano u nekim tradicionalnim upotrebama).<\/p>\n<\/li>\n<\/ul>\n<p data-start=\"2609\" data-end=\"2842\">Nau\u010dna istra\u017eivanja o mnogim ovim efektima jo\u0161 su u razvoju, tako da, iako su antioksidanti stvarni, tvrdnje o velikim terapijskim koristima treba posmatrati kao\u2026 <em data-start=\"2772\" data-end=\"2801\">novonastale, a ne dokazane.<\/em>.<\/p>\n<p data-start=\"2844\" data-end=\"2922\"><strong data-start=\"2844\" data-end=\"2867\">Uses &amp; Preparations<\/strong><br data-start=\"2867\" data-end=\"2870\" \/>You can whisk Blue Matcha like tea or mix it into:<\/p>\n<ul data-start=\"2923\" data-end=\"3175\">\n<li data-start=\"2923\" data-end=\"2976\">\n<p data-start=\"2925\" data-end=\"2976\"><strong data-start=\"2925\" data-end=\"2951\">Lattes and milk drinks<\/strong> (dairy or plant milks)<\/p>\n<\/li>\n<li data-start=\"2977\" data-end=\"3005\">\n<p data-start=\"2979\" data-end=\"3005\"><strong data-start=\"2979\" data-end=\"3003\">Smoothies and juices<\/strong><\/p>\n<\/li>\n<li data-start=\"3006\" data-end=\"3035\">\n<p data-start=\"3008\" data-end=\"3035\"><strong data-start=\"3008\" data-end=\"3033\">Hot or iced beverages<\/strong><\/p>\n<\/li>\n<li data-start=\"3036\" data-end=\"3175\">\n<p data-start=\"3038\" data-end=\"3175\"><strong data-start=\"3038\" data-end=\"3066\">Baked goods and desserts<\/strong><br data-start=\"3066\" data-end=\"3069\" \/>It doubles as a <strong data-start=\"3085\" data-end=\"3110\">natural food coloring<\/strong> thanks to its vivid hue.<\/p>\n<\/li>\n<\/ul>\n<p data-start=\"3177\" data-end=\"3337\"><strong data-start=\"3177\" data-end=\"3200\">Dietary Suitability<\/strong><br data-start=\"3200\" data-end=\"3203\" \/>Typically <strong data-start=\"3213\" data-end=\"3265\">vegan, gluten\u2011free, and free of common allergens<\/strong> when pure (just flower powder).<\/p>\n<p><em>Clitoria ternatea<\/em> or butterfly pea is revered as a holy flower, used in daily puja rituals. The flowers of this vine were imagined to have the shape of human female genitals, hence the Latin name of the genus \u201cClitoria\u201d, from \u201cclitoris\u201d.<\/p>\n<p>In traditional Ayurvedic medicine, it is ascribed with various qualities including memory enhancing, nootropic, antistress, anxiolytic, antidepressant, anticonvulsant, tranquilizing, and sedative properties. In traditional Chinese medicine, the plant has been ascribed properties affecting female libido due to its similar appearance to the female reproductive organ.<\/p>\n<p>Known for its luminous indigo colour, Butterfly Pea has traditionally been used as a vegetable in cooking, to colour deserts or to make a strikingly vibrant coloured tea. Butterfly Pea is jam-packed full of health promoting antioxidants, flavonoids and peptides and has shown considerable promise as a natural remedy for a range of health complaints.<\/p>\n<h3>Some key health benefits of Butterfly Pea are:<\/h3>\n<ul>\n<li><em>The Nervous System<\/em> \u2013 Butterfly Pea has a calming effect on the brain<\/li>\n<li><em>The Digestive System<\/em> \u2013 Butterfly Pea is an antiemetic (anti-nausea), antidypsetic (anti-indigestion), mild-laxative and cholagogue (stimulates flow of bile from liver)<\/li>\n<li><em>The Circulatory System<\/em> \u2013 Butterfly Pea is a haemostatic (helps stop bleeding) and a blood purifier<\/li>\n<li><em>The Respiratory System<\/em> \u2013 Butterfly Pea acts as an expectorant and has shown to reduce the irritation of respiratory organs, useful in treating colds, coughs and even asthma.<\/li>\n<li><em>The Urinary System<\/em> \u2013 Butterfly Pea is a diuretic, helping promote normal urination and can be used for dysuria (difficulty urinating)<\/li>\n<li><em>The Reproductive System<\/em>: Butterfly Pea is reported to be spermatogenic, aiding in normal sperm production<\/li>\n<li><em>The Integumentary System<\/em> \u2013 Pre-maturing ageing is often a problem of the skin. Flavonoids present in Butterfly Pea have been found to boost collagen production, increasing the skin elasticity.<\/li>\n<\/ul>","protected":false},"excerpt":{"rendered":"<p>&nbsp; Blue Matcha (Clitoria ternatea \u2013 Butterfly Pea) Latin name: Clitoria ternatea Also know as: Asian pigeonwings, bluebellvine, blue pea, butterfly pea, cordofan pea, Darwin pea, Blue tea Origin: Thailand [&hellip;]<\/p>\n","protected":false},"featured_media":8495,"comment_status":"open","ping_status":"closed","template":"","meta":{"site-sidebar-layout":"default","site-content-layout":"","ast-site-content-layout":"default","site-content-style":"default","site-sidebar-style":"default","ast-global-header-display":"","ast-banner-title-visibility":"","ast-main-header-display":"","ast-hfb-above-header-display":"","ast-hfb-below-header-display":"","ast-hfb-mobile-header-display":"","site-post-title":"","ast-breadcrumbs-content":"","ast-featured-img":"","footer-sml-layout":"","ast-disable-related-posts":"","theme-transparent-header-meta":"default","adv-header-id-meta":"","stick-header-meta":"","header-above-stick-meta":"","header-main-stick-meta":"","header-below-stick-meta":"","astra-migrate-meta-layouts":"set","ast-page-background-enabled":"default","ast-page-background-meta":{"desktop":{"background-color":"","background-image":"","background-repeat":"repeat","background-position":"center center","background-size":"auto","background-attachment":"scroll","background-type":"","background-media":"","overlay-type":"","overlay-color":"","overlay-opacity":"","overlay-gradient":""},"tablet":{"background-color":"","background-image":"","background-repeat":"repeat","background-position":"center center","background-size":"auto","background-attachment":"scroll","background-type":"","background-media":"","overlay-type":"","overlay-color":"","overlay-opacity":"","overlay-gradient":""},"mobile":{"background-color":"","background-image":"","background-repeat":"repeat","background-position":"center center","background-size":"auto","background-attachment":"scroll","background-type":"","background-media":"","overlay-type":"","overlay-color":"","overlay-opacity":"","overlay-gradient":""}},"ast-content-background-meta":{"desktop":{"background-color":"var(--ast-global-color-5)","background-image":"","background-repeat":"repeat","background-position":"center center","background-size":"auto","background-attachment":"scroll","background-type":"","background-media":"","overlay-type":"","overlay-color":"","overlay-opacity":"","overlay-gradient":""},"tablet":{"background-color":"var(--ast-global-color-5)","background-image":"","background-repeat":"repeat","background-position":"center center","background-size":"auto","background-attachment":"scroll","background-type":"","background-media":"","overlay-type":"","overlay-color":"","overlay-opacity":"","overlay-gradient":""},"mobile":{"background-color":"var(--ast-global-color-5)","background-image":"","background-repeat":"repeat","background-position":"center center","background-size":"auto","background-attachment":"scroll","background-type":"","background-media":"","overlay-type":"","overlay-color":"","overlay-opacity":"","overlay-gradient":""}}},"product_brand":[],"product_cat":[17],"product_tag":[],"class_list":{"0":"post-8494","1":"product","2":"type-product","3":"status-publish","4":"has-post-thumbnail","6":"product_cat-herbs","7":"desktop-align-right","8":"tablet-align-left","9":"mobile-align-left","11":"first","12":"instock","13":"taxable","14":"shipping-taxable","15":"purchasable","16":"product-type-simple"},"aioseo_notices":[],"jetpack_sharing_enabled":true,"_links":{"self":[{"href":"https:\/\/curandero.love\/sr\/wp-json\/wp\/v2\/product\/8494","targetHints":{"allow":["GET"]}}],"collection":[{"href":"https:\/\/curandero.love\/sr\/wp-json\/wp\/v2\/product"}],"about":[{"href":"https:\/\/curandero.love\/sr\/wp-json\/wp\/v2\/types\/product"}],"replies":[{"embeddable":true,"href":"https:\/\/curandero.love\/sr\/wp-json\/wp\/v2\/comments?post=8494"}],"version-history":[{"count":1,"href":"https:\/\/curandero.love\/sr\/wp-json\/wp\/v2\/product\/8494\/revisions"}],"predecessor-version":[{"id":8496,"href":"https:\/\/curandero.love\/sr\/wp-json\/wp\/v2\/product\/8494\/revisions\/8496"}],"wp:featuredmedia":[{"embeddable":true,"href":"https:\/\/curandero.love\/sr\/wp-json\/wp\/v2\/media\/8495"}],"wp:attachment":[{"href":"https:\/\/curandero.love\/sr\/wp-json\/wp\/v2\/media?parent=8494"}],"wp:term":[{"taxonomy":"product_brand","embeddable":true,"href":"https:\/\/curandero.love\/sr\/wp-json\/wp\/v2\/product_brand?post=8494"},{"taxonomy":"product_cat","embeddable":true,"href":"https:\/\/curandero.love\/sr\/wp-json\/wp\/v2\/product_cat?post=8494"},{"taxonomy":"product_tag","embeddable":true,"href":"https:\/\/curandero.love\/sr\/wp-json\/wp\/v2\/product_tag?post=8494"}],"curies":[{"name":"wp","href":"https:\/\/api.w.org\/{rel}","templated":true}]}}